{"id":129,"date":"2020-09-15T06:48:39","date_gmt":"2020-09-15T06:48:39","guid":{"rendered":"http:\/\/darina-maleeva.com\/index.php\/projects\/"},"modified":"2025-05-21T18:18:01","modified_gmt":"2025-05-21T16:18:01","slug":"evenementiel","status":"publish","type":"page","link":"https:\/\/darina-maleeva.com\/index.php\/evenementiel\/","title":{"rendered":"\u00c9v\u00e9nementiel"},"content":{"rendered":"\n<div class=\"wp-block-cover alignfull\" style=\"min-height:703px;aspect-ratio:unset;\"><img loading=\"lazy\" decoding=\"async\" width=\"2560\" height=\"1440\" class=\"wp-block-cover__image-background wp-image-2299\" alt=\"\" src=\"https:\/\/darina-maleeva.com\/wp-content\/uploads\/2024\/09\/Super-photo-de-Moree-Site-scaled.jpg\" data-object-fit=\"cover\" srcset=\"https:\/\/darina-maleeva.com\/wp-content\/uploads\/2024\/09\/Super-photo-de-Moree-Site-scaled.jpg 2560w, https:\/\/darina-maleeva.com\/wp-content\/uploads\/2024\/09\/Super-photo-de-Moree-Site-300x169.jpg 300w, https:\/\/darina-maleeva.com\/wp-content\/uploads\/2024\/09\/Super-photo-de-Moree-Site-1024x576.jpg 1024w, https:\/\/darina-maleeva.com\/wp-content\/uploads\/2024\/09\/Super-photo-de-Moree-Site-768x432.jpg 768w, https:\/\/darina-maleeva.com\/wp-content\/uploads\/2024\/09\/Super-photo-de-Moree-Site-1536x864.jpg 1536w, https:\/\/darina-maleeva.com\/wp-content\/uploads\/2024\/09\/Super-photo-de-Moree-Site-2048x1152.jpg 2048w\" sizes=\"auto, (max-width: 2560px) 100vw, 2560px\" \/><span aria-hidden=\"true\" class=\"wp-block-cover__background has-background-dim-20 has-background-dim\" style=\"background-color:#000000\"><\/span><div class=\"wp-block-cover__inner-container is-layout-flow wp-block-cover-is-layout-flow\">\n<p class=\"has-text-align-center has-large-font-size\"><\/p>\n\n\n\n<p><\/p>\n\n\n\n<p><\/p>\n\n\n\n<p><\/p>\n\n\n\n<p><\/p>\n\n\n\n<p><\/p>\n\n\n\n<p><\/p>\n\n\n\n<p><\/p>\n\n\n\n<p><\/p>\n\n\n\n<p><\/p>\n\n\n\n<p><\/p>\n\n\n\n<p><\/p>\n\n\n\n<p><\/p>\n\n\n\n<h2 class=\"wp-block-heading has-ast-global-color-5-color has-text-color has-x-large-font-size\">\u00c9v\u00e9nementiel<\/h2>\n\n\n\n<p><\/p>\n\n\n\n<p><\/p>\n\n\n\n<p><\/p>\n\n\n\n<p><\/p>\n\n\n\n<p><\/p>\n\n\n\n<p><\/p>\n\n\n\n<p><\/p>\n\n\n\n<p><\/p>\n<\/div><\/div>\n\n\n\n<div class=\"wp-block-cover alignfull has-parallax\" style=\"min-height:703px;aspect-ratio:unset;\"><div class=\"wp-block-cover__image-background wp-image-2295 has-parallax\" style=\"background-position:50% 50%;background-image:url(http:\/\/darina-maleeva.com\/wp-content\/uploads\/2024\/09\/1723735885125-FB-scaled.jpg)\"><\/div><span aria-hidden=\"true\" class=\"wp-block-cover__background has-background-dim-20 has-background-dim\" style=\"background-color:#000000\"><\/span><div class=\"wp-block-cover__inner-container is-layout-flow wp-block-cover-is-layout-flow\">\n<div class=\"wp-block-columns alignwide are-vertically-aligned-center is-layout-flex wp-container-core-columns-is-layout-28f84493 wp-block-columns-is-layout-flex\">\n<div class=\"wp-block-column is-vertically-aligned-center is-layout-flow wp-block-column-is-layout-flow\"><\/div>\n\n\n\n<div class=\"wp-block-column is-vertically-aligned-center is-layout-flow wp-block-column-is-layout-flow\">\n<h2 class=\"wp-block-heading has-text-color\" style=\"color:#ffffff\">Concerts priv\u00e9s <\/h2>\n\n\n\n<hr class=\"wp-block-separator has-text-color has-css-opacity has-background is-style-wide\" style=\"background-color:#ffffff;color:#ffffff\"\/>\n\n\n\n<p class=\"has-text-color has-medium-font-size\" style=\"color:#ffffff\">Repr\u00e9sentations en solo, en duo (violon et piano) ou en trio (violon, harpe et piano)  pour diverses occasions : r\u00e9ceptions, vernissages, conf\u00e9rences, \u00e9v\u00e9nements priv\u00e9s et corporatifs&#8230; <\/p>\n\n\n\n<div class=\"wp-block-buttons is-layout-flex wp-block-buttons-is-layout-flex\"><\/div>\n<\/div>\n<\/div>\n<\/div><\/div>\n\n\n\n<div style=\"height:44px\" aria-hidden=\"true\" class=\"wp-block-spacer\"><\/div>\n\n\n\n<h4 class=\"wp-block-heading\"><\/h4>\n\n\n\n<p>Faites de vos \u00e9v\u00e9nements un moment inoubliable gr\u00e2ce aux prestations musicales d&rsquo;exception de Darina Maleeva : <\/p>\n\n\n\n<ul class=\"wp-block-list\">\n<li>Pour des \u00e9v\u00e9nements professionnels tels que des soir\u00e9es d\u2019entreprise, d\u00eeners de gala, arbres de No\u00ebl, cocktails, lancements de produit&#8230; <\/li>\n\n\n\n<li>Pour des occasions priv\u00e9es comme des anniversaires, c\u00e9r\u00e9monies, mariages, ou demandes en mariage&#8230;<\/li>\n<\/ul>\n\n\n\n<p>Darina Maleeva vous offre un r\u00e9pertoire vari\u00e9, adapt\u00e9 \u00e0 toutes les ambiances et \u00e0 tous les go\u00fbts, pour sublimer chaque instant. Accompagn\u00e9e d&rsquo;un piano, ou en solo, elle apportera une touche d&rsquo;\u00e9l\u00e9gance et d&rsquo;\u00e9motion \u00e0 votre \u00e9v\u00e9nement. <\/p>\n\n\n\n<p>Vous \u00eates une agence \u00e9v\u00e9nementielle, un wedding planner, un event planner, un comit\u00e9 d\u2019entreprise, un lieu de r\u00e9ception, une mairie, une collectivit\u00e9 territoriale ou un particulier ?&nbsp;<\/p>\n\n\n\n<p>N\u2019h\u00e9sitez pas \u00e0 nous contacter  pour discuter de vos besoins et organiser une prestation sur mesure.<\/p>\n\n\n\n<p>Email<br>concerts@darina-maleeva.com<\/p>\n\n\n\n<figure class=\"wp-block-gallery has-nested-images columns-default is-cropped wp-block-gallery-1 is-layout-flex wp-block-gallery-is-layout-flex\"><\/figure>\n\n\n\n<figure class=\"wp-block-gallery has-nested-images columns-default is-cropped wp-block-gallery-2 is-layout-flex wp-block-gallery-is-layout-flex\">\n<figure class=\"wp-block-image size-large\"><img loading=\"lazy\" decoding=\"async\" width=\"1024\" height=\"748\" data-id=\"1090\" src=\"http:\/\/darina-maleeva.com\/wp-content\/uploads\/2023\/01\/Grasse08-A-1024x748.jpg\" alt=\"\" class=\"wp-image-1090\" srcset=\"https:\/\/darina-maleeva.com\/wp-content\/uploads\/2023\/01\/Grasse08-A-1024x748.jpg 1024w, https:\/\/darina-maleeva.com\/wp-content\/uploads\/2023\/01\/Grasse08-A-300x219.jpg 300w, https:\/\/darina-maleeva.com\/wp-content\/uploads\/2023\/01\/Grasse08-A-768x561.jpg 768w, https:\/\/darina-maleeva.com\/wp-content\/uploads\/2023\/01\/Grasse08-A-1536x1122.jpg 1536w, https:\/\/darina-maleeva.com\/wp-content\/uploads\/2023\/01\/Grasse08-A-2048x1496.jpg 2048w\" sizes=\"auto, (max-width: 1024px) 100vw, 1024px\" \/><\/figure>\n\n\n\n<figure class=\"wp-block-image size-large\"><img loading=\"lazy\" decoding=\"async\" width=\"1024\" height=\"632\" data-id=\"2292\" src=\"http:\/\/darina-maleeva.com\/wp-content\/uploads\/2024\/09\/Darina-Site-2-1024x632.jpg\" alt=\"\" class=\"wp-image-2292\" srcset=\"https:\/\/darina-maleeva.com\/wp-content\/uploads\/2024\/09\/Darina-Site-2-1024x632.jpg 1024w, https:\/\/darina-maleeva.com\/wp-content\/uploads\/2024\/09\/Darina-Site-2-300x185.jpg 300w, https:\/\/darina-maleeva.com\/wp-content\/uploads\/2024\/09\/Darina-Site-2-768x474.jpg 768w, https:\/\/darina-maleeva.com\/wp-content\/uploads\/2024\/09\/Darina-Site-2-1536x948.jpg 1536w, https:\/\/darina-maleeva.com\/wp-content\/uploads\/2024\/09\/Darina-Site-2-2048x1265.jpg 2048w\" sizes=\"auto, (max-width: 1024px) 100vw, 1024px\" \/><\/figure>\n\n\n\n<figure class=\"wp-block-image size-large\"><img loading=\"lazy\" decoding=\"async\" width=\"1024\" height=\"787\" data-id=\"2301\" src=\"https:\/\/darina-maleeva.com\/wp-content\/uploads\/2024\/09\/DUO-Nina-2-Site-1024x787.jpg\" alt=\"\" class=\"wp-image-2301\" srcset=\"https:\/\/darina-maleeva.com\/wp-content\/uploads\/2024\/09\/DUO-Nina-2-Site-1024x787.jpg 1024w, https:\/\/darina-maleeva.com\/wp-content\/uploads\/2024\/09\/DUO-Nina-2-Site-300x231.jpg 300w, https:\/\/darina-maleeva.com\/wp-content\/uploads\/2024\/09\/DUO-Nina-2-Site-768x590.jpg 768w, https:\/\/darina-maleeva.com\/wp-content\/uploads\/2024\/09\/DUO-Nina-2-Site-1536x1181.jpg 1536w, https:\/\/darina-maleeva.com\/wp-content\/uploads\/2024\/09\/DUO-Nina-2-Site-2048x1574.jpg 2048w\" sizes=\"auto, (max-width: 1024px) 100vw, 1024px\" \/><\/figure>\n<\/figure>\n\n\n\n<div class=\"wp-block-columns is-layout-flex wp-container-core-columns-is-layout-28f84493 wp-block-columns-is-layout-flex\">\n<div class=\"wp-block-column is-layout-flow wp-block-column-is-layout-flow\" style=\"flex-basis:33.33%\"><\/div>\n<\/div>\n\n\n\n<div style=\"height:65px\" aria-hidden=\"true\" class=\"wp-block-spacer\"><\/div>\n\n\n\n<h2 class=\"wp-block-heading alignwide has-text-align-center has-ast-global-color-3-color has-text-color has-link-color has-large-font-size wp-elements-25507f741f16c6922fe1238a52015404\">\u00c9v\u00e9nements r\u00e9cents<\/h2>\n\n\n\n<div style=\"height:67px\" aria-hidden=\"true\" class=\"wp-block-spacer\"><\/div>\n\n\n\n<div class=\"wp-block-columns is-layout-flex wp-container-core-columns-is-layout-28f84493 wp-block-columns-is-layout-flex\">\n<div class=\"wp-block-column is-layout-flow wp-block-column-is-layout-flow\">\n<figure class=\"wp-block-image aligncenter size-large is-resized\"><img loading=\"lazy\" decoding=\"async\" width=\"772\" height=\"1024\" src=\"http:\/\/darina-maleeva.com\/wp-content\/uploads\/2025\/03\/Affiche-Lheure-de-la-valse-2025-2-772x1024.jpg\" alt=\"\" class=\"wp-image-2385\" style=\"width:434px;height:auto\" srcset=\"https:\/\/darina-maleeva.com\/wp-content\/uploads\/2025\/03\/Affiche-Lheure-de-la-valse-2025-2-772x1024.jpg 772w, https:\/\/darina-maleeva.com\/wp-content\/uploads\/2025\/03\/Affiche-Lheure-de-la-valse-2025-2-226x300.jpg 226w, https:\/\/darina-maleeva.com\/wp-content\/uploads\/2025\/03\/Affiche-Lheure-de-la-valse-2025-2-768x1019.jpg 768w, https:\/\/darina-maleeva.com\/wp-content\/uploads\/2025\/03\/Affiche-Lheure-de-la-valse-2025-2.jpg 1008w\" sizes=\"auto, (max-width: 772px) 100vw, 772px\" \/><\/figure>\n\n\n\n<p class=\"has-text-align-center\"><br><\/p>\n<\/div>\n\n\n\n<div class=\"wp-block-column is-layout-flow wp-block-column-is-layout-flow\">\n<figure class=\"wp-block-image aligncenter size-large is-resized\"><img loading=\"lazy\" decoding=\"async\" width=\"724\" height=\"1024\" src=\"https:\/\/darina-maleeva.com\/wp-content\/uploads\/2025\/03\/des-valses-mais-pas-que-1-724x1024.jpg\" alt=\"\" class=\"wp-image-2401\" style=\"width:407px;height:auto\" srcset=\"https:\/\/darina-maleeva.com\/wp-content\/uploads\/2025\/03\/des-valses-mais-pas-que-1-724x1024.jpg 724w, https:\/\/darina-maleeva.com\/wp-content\/uploads\/2025\/03\/des-valses-mais-pas-que-1-212x300.jpg 212w, https:\/\/darina-maleeva.com\/wp-content\/uploads\/2025\/03\/des-valses-mais-pas-que-1-768x1086.jpg 768w, https:\/\/darina-maleeva.com\/wp-content\/uploads\/2025\/03\/des-valses-mais-pas-que-1-1086x1536.jpg 1086w, https:\/\/darina-maleeva.com\/wp-content\/uploads\/2025\/03\/des-valses-mais-pas-que-1.jpg 1414w\" sizes=\"auto, (max-width: 724px) 100vw, 724px\" \/><\/figure>\n\n\n\n<p class=\"has-text-align-center\"><\/p>\n<\/div>\n<\/div>\n\n\n\n<div style=\"height:67px\" aria-hidden=\"true\" class=\"wp-block-spacer\"><\/div>\n\n\n\n<div class=\"wp-block-columns is-layout-flex wp-container-core-columns-is-layout-28f84493 wp-block-columns-is-layout-flex\">\n<div class=\"wp-block-column is-layout-flow wp-block-column-is-layout-flow\">\n<figure class=\"wp-block-image aligncenter size-large is-resized\"><img loading=\"lazy\" decoding=\"async\" width=\"709\" height=\"1024\" src=\"https:\/\/darina-maleeva.com\/wp-content\/uploads\/2025\/05\/IMG_20250521_175217-2-709x1024.png\" alt=\"\" class=\"wp-image-2447\" style=\"width:434px;height:auto\" srcset=\"https:\/\/darina-maleeva.com\/wp-content\/uploads\/2025\/05\/IMG_20250521_175217-2-709x1024.png 709w, https:\/\/darina-maleeva.com\/wp-content\/uploads\/2025\/05\/IMG_20250521_175217-2-208x300.png 208w, https:\/\/darina-maleeva.com\/wp-content\/uploads\/2025\/05\/IMG_20250521_175217-2-768x1110.png 768w, https:\/\/darina-maleeva.com\/wp-content\/uploads\/2025\/05\/IMG_20250521_175217-2.png 1000w\" sizes=\"auto, (max-width: 709px) 100vw, 709px\" \/><\/figure>\n\n\n\n<p class=\"has-text-align-center\"><br><\/p>\n<\/div>\n\n\n\n<div class=\"wp-block-column is-layout-flow wp-block-column-is-layout-flow\">\n<p class=\"has-text-align-center\"><\/p>\n<\/div>\n<\/div>\n","protected":false},"excerpt":{"rendered":"<p>Faites de vos \u00e9v\u00e9nements un moment inoubliable gr\u00e2ce aux prestations musicales d&rsquo;exception de Darina Maleeva : Darina Maleeva vous offre un r\u00e9pertoire vari\u00e9, adapt\u00e9 \u00e0 toutes les ambiances et \u00e0 tous les go\u00fbts, pour sublimer chaque instant. Accompagn\u00e9e d&rsquo;un piano, ou en solo, elle apportera une touche d&rsquo;\u00e9l\u00e9gance et d&rsquo;\u00e9motion \u00e0 votre \u00e9v\u00e9nement. Vous \u00eates [&hellip;]<\/p>\n","protected":false},"author":1,"featured_media":0,"parent":0,"menu_order":0,"comment_status":"closed","ping_status":"closed","template":"","meta":{"om_disable_all_campaigns":false,"_monsterinsights_skip_tracking":false,"_monsterinsights_sitenote_active":false,"_monsterinsights_sitenote_note":"","_monsterinsights_sitenote_category":0,"site-sidebar-layout":"no-sidebar","site-content-layout":"plain-container","ast-site-content-layout":"default","site-content-style":"default","site-sidebar-style":"default","ast-global-header-display":"","ast-banner-title-visibility":"","ast-main-header-display":"","ast-hfb-above-header-display":"","ast-hfb-below-header-display":"","ast-hfb-mobile-header-display":"","site-post-title":"disabled","ast-breadcrumbs-content":"","ast-featured-img":"","footer-sml-layout":"","theme-transparent-header-meta":"enabled","adv-header-id-meta":"","stick-header-meta":"","header-above-stick-meta":"","header-main-stick-meta":"","header-below-stick-meta":"","astra-migrate-meta-layouts":"default","ast-page-background-enabled":"default","ast-page-background-meta":{"desktop":{"background-color":"","background-image":"","background-repeat":"repeat","background-position":"center center","background-size":"auto","background-attachment":"scroll","background-type":"","background-media":"","overlay-type":"","overlay-color":"","overlay-opacity":"","overlay-gradient":""},"tablet":{"background-color":"","background-image":"","background-repeat":"repeat","background-position":"center center","background-size":"auto","background-attachment":"scroll","background-type":"","background-media":"","overlay-type":"","overlay-color":"","overlay-opacity":"","overlay-gradient":""},"mobile":{"background-color":"","background-image":"","background-repeat":"repeat","background-position":"center center","background-size":"auto","background-attachment":"scroll","background-type":"","background-media":"","overlay-type":"","overlay-color":"","overlay-opacity":"","overlay-gradient":""}},"ast-content-background-meta":{"desktop":{"background-color":"var(--ast-global-color-5)","background-image":"","background-repeat":"repeat","background-position":"center center","background-size":"auto","background-attachment":"scroll","background-type":"","background-media":"","overlay-type":"","overlay-color":"","overlay-opacity":"","overlay-gradient":""},"tablet":{"background-color":"var(--ast-global-color-5)","background-image":"","background-repeat":"repeat","background-position":"center center","background-size":"auto","background-attachment":"scroll","background-type":"","background-media":"","overlay-type":"","overlay-color":"","overlay-opacity":"","overlay-gradient":""},"mobile":{"background-color":"var(--ast-global-color-5)","background-image":"","background-repeat":"repeat","background-position":"center center","background-size":"auto","background-attachment":"scroll","background-type":"","background-media":"","overlay-type":"","overlay-color":"","overlay-opacity":"","overlay-gradient":""}},"footnotes":""},"class_list":["post-129","page","type-page","status-publish","hentry"],"_links":{"self":[{"href":"https:\/\/darina-maleeva.com\/index.php\/wp-json\/wp\/v2\/pages\/129","targetHints":{"allow":["GET"]}}],"collection":[{"href":"https:\/\/darina-maleeva.com\/index.php\/wp-json\/wp\/v2\/pages"}],"about":[{"href":"https:\/\/darina-maleeva.com\/index.php\/wp-json\/wp\/v2\/types\/page"}],"author":[{"embeddable":true,"href":"https:\/\/darina-maleeva.com\/index.php\/wp-json\/wp\/v2\/users\/1"}],"replies":[{"embeddable":true,"href":"https:\/\/darina-maleeva.com\/index.php\/wp-json\/wp\/v2\/comments?post=129"}],"version-history":[{"count":62,"href":"https:\/\/darina-maleeva.com\/index.php\/wp-json\/wp\/v2\/pages\/129\/revisions"}],"predecessor-version":[{"id":2450,"href":"https:\/\/darina-maleeva.com\/index.php\/wp-json\/wp\/v2\/pages\/129\/revisions\/2450"}],"wp:attachment":[{"href":"https:\/\/darina-maleeva.com\/index.php\/wp-json\/wp\/v2\/media?parent=129"}],"curies":[{"name":"wp","href":"https:\/\/api.w.org\/{rel}","templated":true}]}}