{"id":130,"date":"2020-09-15T06:48:51","date_gmt":"2020-09-15T06:48:51","guid":{"rendered":"http:\/\/darina-maleeva.com\/index.php\/services\/"},"modified":"2025-10-12T18:39:34","modified_gmt":"2025-10-12T16:39:34","slug":"media","status":"publish","type":"page","link":"https:\/\/darina-maleeva.com\/index.php\/media\/","title":{"rendered":"MEDIA"},"content":{"rendered":"\n<div class=\"wp-block-cover alignfull\" style=\"min-height:550px;aspect-ratio:unset;\"><img loading=\"lazy\" decoding=\"async\" width=\"2560\" height=\"1717\" class=\"wp-block-cover__image-background wp-image-1814\" alt=\"\" src=\"http:\/\/darina-maleeva.com\/wp-content\/uploads\/2023\/02\/03-scaled.jpg\" style=\"object-position:49% 27%\" data-object-fit=\"cover\" data-object-position=\"49% 27%\" srcset=\"https:\/\/darina-maleeva.com\/wp-content\/uploads\/2023\/02\/03-scaled.jpg 2560w, https:\/\/darina-maleeva.com\/wp-content\/uploads\/2023\/02\/03-300x201.jpg 300w, https:\/\/darina-maleeva.com\/wp-content\/uploads\/2023\/02\/03-1024x687.jpg 1024w, https:\/\/darina-maleeva.com\/wp-content\/uploads\/2023\/02\/03-768x515.jpg 768w, https:\/\/darina-maleeva.com\/wp-content\/uploads\/2023\/02\/03-1536x1030.jpg 1536w, https:\/\/darina-maleeva.com\/wp-content\/uploads\/2023\/02\/03-2048x1374.jpg 2048w\" sizes=\"auto, (max-width: 2560px) 100vw, 2560px\" \/><span aria-hidden=\"true\" class=\"wp-block-cover__background has-background-dim\" style=\"background-color:#000000\"><\/span><div class=\"wp-block-cover__inner-container is-layout-flow wp-block-cover-is-layout-flow\">\n<h2 class=\"wp-block-heading has-text-color has-x-large-font-size\" style=\"color:#ffffff\">MEDIA<\/h2>\n<\/div><\/div>\n\n\n\n<div style=\"height:55px\" aria-hidden=\"true\" class=\"wp-block-spacer\"><\/div>\n\n\n\n<h2 class=\"wp-block-heading has-text-align-center\">GALERIE VIDEO<\/h2>\n\n\n\n<hr class=\"wp-block-separator has-text-color has-ast-global-color-0-color has-css-opacity has-ast-global-color-0-background-color has-background aligncenter\"\/>\n\n\n\n<div class=\"wp-block-columns alignwide is-layout-flex wp-container-core-columns-is-layout-28f84493 wp-block-columns-is-layout-flex\">\n<div class=\"wp-block-column is-layout-flow wp-block-column-is-layout-flow\">\n<figure class=\"wp-block-embed is-type-video is-provider-youtube wp-block-embed-youtube wp-embed-aspect-16-9 wp-has-aspect-ratio\"><div class=\"wp-block-embed__wrapper\">\n<iframe loading=\"lazy\" title=\"Jules Massenet  -Thais , Meditation\" width=\"500\" height=\"281\" src=\"https:\/\/www.youtube.com\/embed\/eTQaqcWteGA?feature=oembed\" frameborder=\"0\" allow=\"accelerometer; autoplay; clipboard-write; encrypted-media; gyroscope; picture-in-picture; web-share\" referrerpolicy=\"strict-origin-when-cross-origin\" allowfullscreen><\/iframe>\n<\/div><\/figure>\n\n\n\n<figure class=\"wp-block-embed is-type-video is-provider-youtube wp-block-embed-youtube wp-embed-aspect-16-9 wp-has-aspect-ratio\"><div class=\"wp-block-embed__wrapper\">\n<iframe loading=\"lazy\" title=\"Mendelssohn Concerto for Violin, Piano and Strings in D Minor\" width=\"500\" height=\"281\" src=\"https:\/\/www.youtube.com\/embed\/W8ODyJN7Ij4?feature=oembed\" frameborder=\"0\" allow=\"accelerometer; autoplay; clipboard-write; encrypted-media; gyroscope; picture-in-picture; web-share\" referrerpolicy=\"strict-origin-when-cross-origin\" allowfullscreen><\/iframe>\n<\/div><\/figure>\n\n\n\n<figure class=\"wp-block-embed is-type-video is-provider-youtube wp-block-embed-youtube wp-embed-aspect-4-3 wp-has-aspect-ratio\"><div class=\"wp-block-embed__wrapper\">\n<iframe loading=\"lazy\" title=\"Alexander Yossifov -  concerto pour violon  N\u00b02\" width=\"500\" height=\"375\" src=\"https:\/\/www.youtube.com\/embed\/Sf4EVEN1r2I?feature=oembed\" frameborder=\"0\" allow=\"accelerometer; autoplay; clipboard-write; encrypted-media; gyroscope; picture-in-picture; web-share\" referrerpolicy=\"strict-origin-when-cross-origin\" allowfullscreen><\/iframe>\n<\/div><\/figure>\n\n\n\n<figure class=\"wp-block-embed is-type-video is-provider-youtube wp-block-embed-youtube wp-embed-aspect-16-9 wp-has-aspect-ratio\"><div class=\"wp-block-embed__wrapper\">\n<iframe loading=\"lazy\" title=\"Bach - Gounod &quot;Ave Maria&quot;\" width=\"500\" height=\"281\" src=\"https:\/\/www.youtube.com\/embed\/M7A6HAjQKiw?feature=oembed\" frameborder=\"0\" allow=\"accelerometer; autoplay; clipboard-write; encrypted-media; gyroscope; picture-in-picture; web-share\" referrerpolicy=\"strict-origin-when-cross-origin\" allowfullscreen><\/iframe>\n<\/div><\/figure>\n\n\n\n<figure class=\"wp-block-embed is-type-video is-provider-youtube wp-block-embed-youtube wp-embed-aspect-16-9 wp-has-aspect-ratio\"><div class=\"wp-block-embed__wrapper\">\n<iframe loading=\"lazy\" title=\"Beethoven - Violin concerto op.61, Darina Maleeva, violin (rehearsal)\" width=\"500\" height=\"281\" src=\"https:\/\/www.youtube.com\/embed\/-z8xaFcjkos?feature=oembed\" frameborder=\"0\" allow=\"accelerometer; autoplay; clipboard-write; encrypted-media; gyroscope; picture-in-picture; web-share\" referrerpolicy=\"strict-origin-when-cross-origin\" allowfullscreen><\/iframe>\n<\/div><\/figure>\n<\/div>\n\n\n\n<div class=\"wp-block-column is-layout-flow wp-block-column-is-layout-flow\">\n<figure class=\"wp-block-embed is-type-video is-provider-youtube wp-block-embed-youtube wp-embed-aspect-16-9 wp-has-aspect-ratio\"><div class=\"wp-block-embed__wrapper\">\n<iframe loading=\"lazy\" title=\"Festival Chopin \u00e0 Paris, Concert de Darina Maleeva, violon et Christine G\u00e9n\u00e9raux, piano\" width=\"500\" height=\"281\" src=\"https:\/\/www.youtube.com\/embed\/l-YHB_71Kk0?feature=oembed\" frameborder=\"0\" allow=\"accelerometer; autoplay; clipboard-write; encrypted-media; gyroscope; picture-in-picture; web-share\" referrerpolicy=\"strict-origin-when-cross-origin\" allowfullscreen><\/iframe>\n<\/div><\/figure>\n\n\n\n<figure class=\"wp-block-embed is-type-video is-provider-youtube wp-block-embed-youtube wp-embed-aspect-16-9 wp-has-aspect-ratio\"><div class=\"wp-block-embed__wrapper\">\n<iframe loading=\"lazy\" title=\"Mozart concerto pour violon, piano et orchestre en r\u00e9 majeur,  K. 56\" width=\"500\" height=\"281\" src=\"https:\/\/www.youtube.com\/embed\/R2Vn3yWj0gc?feature=oembed\" frameborder=\"0\" allow=\"accelerometer; autoplay; clipboard-write; encrypted-media; gyroscope; picture-in-picture; web-share\" referrerpolicy=\"strict-origin-when-cross-origin\" allowfullscreen><\/iframe>\n<\/div><\/figure>\n\n\n\n<figure class=\"wp-block-embed is-type-video is-provider-youtube wp-block-embed-youtube wp-embed-aspect-16-9 wp-has-aspect-ratio\"><div class=\"wp-block-embed__wrapper\">\n<iframe loading=\"lazy\" title=\"David LAMPEL - Concerto pour violon et orchestre - cr\u00e9ation\" width=\"500\" height=\"281\" src=\"https:\/\/www.youtube.com\/embed\/WGaaLUAVDPs?feature=oembed\" frameborder=\"0\" allow=\"accelerometer; autoplay; clipboard-write; encrypted-media; gyroscope; picture-in-picture; web-share\" referrerpolicy=\"strict-origin-when-cross-origin\" allowfullscreen><\/iframe>\n<\/div><\/figure>\n\n\n\n<figure class=\"wp-block-embed is-type-video is-provider-youtube wp-block-embed-youtube wp-embed-aspect-16-9 wp-has-aspect-ratio\"><div class=\"wp-block-embed__wrapper\">\n<iframe loading=\"lazy\" title=\"&quot;Variations sur un th\u00e8me bulgare&quot; de Jean-Bernard Beauchamp\" width=\"500\" height=\"281\" src=\"https:\/\/www.youtube.com\/embed\/FN2rvZ6SayQ?feature=oembed\" frameborder=\"0\" allow=\"accelerometer; autoplay; clipboard-write; encrypted-media; gyroscope; picture-in-picture; web-share\" referrerpolicy=\"strict-origin-when-cross-origin\" allowfullscreen><\/iframe>\n<\/div><\/figure>\n\n\n\n<figure class=\"wp-block-embed is-type-video is-provider-youtube wp-block-embed-youtube wp-embed-aspect-16-9 wp-has-aspect-ratio\"><div class=\"wp-block-embed__wrapper\">\n<iframe loading=\"lazy\" title=\"Claude Debussy - Sonate pour violon et piano (Maleeva\/Slavov)\" width=\"500\" height=\"281\" src=\"https:\/\/www.youtube.com\/embed\/9IZTmG1FtwQ?feature=oembed\" frameborder=\"0\" allow=\"accelerometer; autoplay; clipboard-write; encrypted-media; gyroscope; picture-in-picture; web-share\" referrerpolicy=\"strict-origin-when-cross-origin\" allowfullscreen><\/iframe>\n<\/div><\/figure>\n<\/div>\n<\/div>\n\n\n\n<div class=\"inherit-container-width wp-block-group alignfull has-white-background-color has-background is-layout-constrained wp-block-group-is-layout-constrained\">\n<h2 class=\"wp-block-heading has-text-align-center\">GALERIE PHOTO<\/h2>\n\n\n\n<hr class=\"wp-block-separator has-text-color has-ast-global-color-0-color has-css-opacity has-ast-global-color-0-background-color has-background aligncenter\"\/>\n\n\n\n<figure class=\"wp-block-gallery has-nested-images columns-default is-cropped wp-block-gallery-1 is-layout-flex wp-block-gallery-is-layout-flex\">\n<figure class=\"wp-block-image size-large\"><img loading=\"lazy\" decoding=\"async\" width=\"854\" height=\"1024\" data-id=\"2208\" src=\"http:\/\/darina-maleeva.com\/wp-content\/uploads\/2024\/04\/D5A5647-Darina-Site-1-854x1024.jpg\" alt=\"\" class=\"wp-image-2208\" srcset=\"https:\/\/darina-maleeva.com\/wp-content\/uploads\/2024\/04\/D5A5647-Darina-Site-1-854x1024.jpg 854w, https:\/\/darina-maleeva.com\/wp-content\/uploads\/2024\/04\/D5A5647-Darina-Site-1-250x300.jpg 250w, https:\/\/darina-maleeva.com\/wp-content\/uploads\/2024\/04\/D5A5647-Darina-Site-1-768x921.jpg 768w, https:\/\/darina-maleeva.com\/wp-content\/uploads\/2024\/04\/D5A5647-Darina-Site-1-1282x1536.jpg 1282w, https:\/\/darina-maleeva.com\/wp-content\/uploads\/2024\/04\/D5A5647-Darina-Site-1-1709x2048.jpg 1709w\" sizes=\"auto, (max-width: 854px) 100vw, 854px\" \/><figcaption class=\"wp-element-caption\">D. Maleeva,\u00a0\u00bbEarth and Man\u00a0\u00bb&nbsp;National Museum, Sofia<\/figcaption><\/figure>\n\n\n\n<figure class=\"wp-block-image size-large\"><img loading=\"lazy\" decoding=\"async\" width=\"890\" height=\"1024\" data-id=\"2206\" src=\"http:\/\/darina-maleeva.com\/wp-content\/uploads\/2024\/04\/D5A5863-Site-2-B-890x1024.jpg\" alt=\"\" class=\"wp-image-2206\" srcset=\"https:\/\/darina-maleeva.com\/wp-content\/uploads\/2024\/04\/D5A5863-Site-2-B-890x1024.jpg 890w, https:\/\/darina-maleeva.com\/wp-content\/uploads\/2024\/04\/D5A5863-Site-2-B-261x300.jpg 261w, https:\/\/darina-maleeva.com\/wp-content\/uploads\/2024\/04\/D5A5863-Site-2-B-768x884.jpg 768w, https:\/\/darina-maleeva.com\/wp-content\/uploads\/2024\/04\/D5A5863-Site-2-B-1334x1536.jpg 1334w, https:\/\/darina-maleeva.com\/wp-content\/uploads\/2024\/04\/D5A5863-Site-2-B-1779x2048.jpg 1779w\" sizes=\"auto, (max-width: 890px) 100vw, 890px\" \/><\/figure>\n\n\n\n<figure class=\"wp-block-image size-large\"><img loading=\"lazy\" decoding=\"async\" width=\"843\" height=\"1024\" data-id=\"2205\" src=\"http:\/\/darina-maleeva.com\/wp-content\/uploads\/2024\/04\/D5A5680-Site-3-843x1024.jpg\" alt=\"\" class=\"wp-image-2205\" srcset=\"https:\/\/darina-maleeva.com\/wp-content\/uploads\/2024\/04\/D5A5680-Site-3-843x1024.jpg 843w, https:\/\/darina-maleeva.com\/wp-content\/uploads\/2024\/04\/D5A5680-Site-3-247x300.jpg 247w, https:\/\/darina-maleeva.com\/wp-content\/uploads\/2024\/04\/D5A5680-Site-3-768x933.jpg 768w, https:\/\/darina-maleeva.com\/wp-content\/uploads\/2024\/04\/D5A5680-Site-3-1265x1536.jpg 1265w, https:\/\/darina-maleeva.com\/wp-content\/uploads\/2024\/04\/D5A5680-Site-3-1686x2048.jpg 1686w\" sizes=\"auto, (max-width: 843px) 100vw, 843px\" \/><\/figure>\n<figcaption class=\"blocks-gallery-caption wp-element-caption\">2024 \u00a9 Todor Mitov<\/figcaption><\/figure>\n\n\n\n<div style=\"height:52px\" aria-hidden=\"true\" class=\"wp-block-spacer\"><\/div>\n\n\n\n<figure class=\"wp-block-gallery has-nested-images columns-default is-cropped wp-block-gallery-2 is-layout-flex wp-block-gallery-is-layout-flex\">\n<figure class=\"wp-block-image size-large\"><img loading=\"lazy\" decoding=\"async\" width=\"686\" height=\"1024\" data-id=\"1818\" src=\"http:\/\/darina-maleeva.com\/wp-content\/uploads\/2023\/02\/05-686x1024.jpg\" alt=\"\" class=\"wp-image-1818\" srcset=\"https:\/\/darina-maleeva.com\/wp-content\/uploads\/2023\/02\/05-686x1024.jpg 686w, https:\/\/darina-maleeva.com\/wp-content\/uploads\/2023\/02\/05-201x300.jpg 201w, https:\/\/darina-maleeva.com\/wp-content\/uploads\/2023\/02\/05-768x1146.jpg 768w, https:\/\/darina-maleeva.com\/wp-content\/uploads\/2023\/02\/05-1030x1536.jpg 1030w, https:\/\/darina-maleeva.com\/wp-content\/uploads\/2023\/02\/05-1373x2048.jpg 1373w, https:\/\/darina-maleeva.com\/wp-content\/uploads\/2023\/02\/05-scaled.jpg 1716w\" sizes=\"auto, (max-width: 686px) 100vw, 686px\" \/><figcaption class=\"wp-element-caption\">Darina Maleeva et Pietro Galli, Paris 2002<\/figcaption><\/figure>\n\n\n\n<figure class=\"wp-block-image size-large\"><img loading=\"lazy\" decoding=\"async\" width=\"691\" height=\"1024\" data-id=\"1817\" src=\"http:\/\/darina-maleeva.com\/wp-content\/uploads\/2023\/02\/04-691x1024.jpg\" alt=\"\" class=\"wp-image-1817\" srcset=\"https:\/\/darina-maleeva.com\/wp-content\/uploads\/2023\/02\/04-691x1024.jpg 691w, https:\/\/darina-maleeva.com\/wp-content\/uploads\/2023\/02\/04-202x300.jpg 202w, https:\/\/darina-maleeva.com\/wp-content\/uploads\/2023\/02\/04-768x1139.jpg 768w, https:\/\/darina-maleeva.com\/wp-content\/uploads\/2023\/02\/04-1036x1536.jpg 1036w, https:\/\/darina-maleeva.com\/wp-content\/uploads\/2023\/02\/04-1381x2048.jpg 1381w, https:\/\/darina-maleeva.com\/wp-content\/uploads\/2023\/02\/04-scaled.jpg 1726w\" sizes=\"auto, (max-width: 691px) 100vw, 691px\" \/><figcaption class=\"wp-element-caption\"> <\/figcaption><\/figure>\n\n\n\n<figure class=\"wp-block-image size-large\"><img loading=\"lazy\" decoding=\"async\" width=\"740\" height=\"1024\" data-id=\"1816\" src=\"http:\/\/darina-maleeva.com\/wp-content\/uploads\/2023\/02\/01-740x1024.jpg\" alt=\"\" class=\"wp-image-1816\" srcset=\"https:\/\/darina-maleeva.com\/wp-content\/uploads\/2023\/02\/01-740x1024.jpg 740w, https:\/\/darina-maleeva.com\/wp-content\/uploads\/2023\/02\/01-217x300.jpg 217w, https:\/\/darina-maleeva.com\/wp-content\/uploads\/2023\/02\/01-768x1063.jpg 768w, https:\/\/darina-maleeva.com\/wp-content\/uploads\/2023\/02\/01-1109x1536.jpg 1109w, https:\/\/darina-maleeva.com\/wp-content\/uploads\/2023\/02\/01-1479x2048.jpg 1479w, https:\/\/darina-maleeva.com\/wp-content\/uploads\/2023\/02\/01-scaled.jpg 1849w\" sizes=\"auto, (max-width: 740px) 100vw, 740px\" \/><\/figure>\n<figcaption class=\"blocks-gallery-caption wp-element-caption\"> 2002 \u00a9 Thierry Wils<\/figcaption><\/figure>\n\n\n\n<div style=\"height:51px\" aria-hidden=\"true\" class=\"wp-block-spacer\"><\/div>\n\n\n\n<figure class=\"wp-block-gallery has-nested-images columns-default is-cropped wp-block-gallery-3 is-layout-flex wp-block-gallery-is-layout-flex\">\n<figure class=\"wp-block-image size-large\"><img loading=\"lazy\" decoding=\"async\" width=\"752\" height=\"1024\" data-id=\"1140\" src=\"http:\/\/darina-maleeva.com\/wp-content\/uploads\/2023\/01\/Duo-Darina-Maleeva-et-Xavier-Lecomte-de-la-Bretonnerie-OK-752x1024.jpg\" alt=\"\" class=\"wp-image-1140\" srcset=\"https:\/\/darina-maleeva.com\/wp-content\/uploads\/2023\/01\/Duo-Darina-Maleeva-et-Xavier-Lecomte-de-la-Bretonnerie-OK-752x1024.jpg 752w, https:\/\/darina-maleeva.com\/wp-content\/uploads\/2023\/01\/Duo-Darina-Maleeva-et-Xavier-Lecomte-de-la-Bretonnerie-OK-220x300.jpg 220w, https:\/\/darina-maleeva.com\/wp-content\/uploads\/2023\/01\/Duo-Darina-Maleeva-et-Xavier-Lecomte-de-la-Bretonnerie-OK-768x1046.jpg 768w, https:\/\/darina-maleeva.com\/wp-content\/uploads\/2023\/01\/Duo-Darina-Maleeva-et-Xavier-Lecomte-de-la-Bretonnerie-OK-1127x1536.jpg 1127w, https:\/\/darina-maleeva.com\/wp-content\/uploads\/2023\/01\/Duo-Darina-Maleeva-et-Xavier-Lecomte-de-la-Bretonnerie-OK-1503x2048.jpg 1503w, https:\/\/darina-maleeva.com\/wp-content\/uploads\/2023\/01\/Duo-Darina-Maleeva-et-Xavier-Lecomte-de-la-Bretonnerie-OK-scaled.jpg 1879w\" sizes=\"auto, (max-width: 752px) 100vw, 752px\" \/><figcaption class=\"wp-element-caption\">Duo Darina Maleeva &#8211; Xavier Lecomte de la Bretonnerie <\/figcaption><\/figure>\n\n\n\n<figure class=\"wp-block-image size-large\"><img loading=\"lazy\" decoding=\"async\" width=\"714\" height=\"1024\" data-id=\"2227\" src=\"https:\/\/darina-maleeva.com\/wp-content\/uploads\/2024\/04\/D5A0382-Site-7-714x1024.jpg\" alt=\"\" class=\"wp-image-2227\" srcset=\"https:\/\/darina-maleeva.com\/wp-content\/uploads\/2024\/04\/D5A0382-Site-7-714x1024.jpg 714w, https:\/\/darina-maleeva.com\/wp-content\/uploads\/2024\/04\/D5A0382-Site-7-209x300.jpg 209w, https:\/\/darina-maleeva.com\/wp-content\/uploads\/2024\/04\/D5A0382-Site-7-768x1101.jpg 768w, https:\/\/darina-maleeva.com\/wp-content\/uploads\/2024\/04\/D5A0382-Site-7-1071x1536.jpg 1071w, https:\/\/darina-maleeva.com\/wp-content\/uploads\/2024\/04\/D5A0382-Site-7-1429x2048.jpg 1429w, https:\/\/darina-maleeva.com\/wp-content\/uploads\/2024\/04\/D5A0382-Site-7.jpg 1557w\" sizes=\"auto, (max-width: 714px) 100vw, 714px\" \/><\/figure>\n\n\n\n<figure class=\"wp-block-image size-large\"><img loading=\"lazy\" decoding=\"async\" width=\"918\" height=\"1024\" data-id=\"1691\" src=\"http:\/\/darina-maleeva.com\/wp-content\/uploads\/2023\/02\/Darina-Maleeva-et-Xavier-Lecomte-de-la-Bretonnerie-1-1-918x1024.jpg\" alt=\"\" class=\"wp-image-1691\" srcset=\"https:\/\/darina-maleeva.com\/wp-content\/uploads\/2023\/02\/Darina-Maleeva-et-Xavier-Lecomte-de-la-Bretonnerie-1-1-918x1024.jpg 918w, https:\/\/darina-maleeva.com\/wp-content\/uploads\/2023\/02\/Darina-Maleeva-et-Xavier-Lecomte-de-la-Bretonnerie-1-1-269x300.jpg 269w, https:\/\/darina-maleeva.com\/wp-content\/uploads\/2023\/02\/Darina-Maleeva-et-Xavier-Lecomte-de-la-Bretonnerie-1-1-768x857.jpg 768w, https:\/\/darina-maleeva.com\/wp-content\/uploads\/2023\/02\/Darina-Maleeva-et-Xavier-Lecomte-de-la-Bretonnerie-1-1-1377x1536.jpg 1377w, https:\/\/darina-maleeva.com\/wp-content\/uploads\/2023\/02\/Darina-Maleeva-et-Xavier-Lecomte-de-la-Bretonnerie-1-1-1836x2048.jpg 1836w\" sizes=\"auto, (max-width: 918px) 100vw, 918px\" \/><\/figure>\n<figcaption class=\"blocks-gallery-caption wp-element-caption\"> 2022 &#8211; 2023 \u00a9 Todor Mitov<\/figcaption><\/figure>\n<\/div>\n\n\n\n<p><\/p>\n","protected":false},"excerpt":{"rendered":"<p>GALERIE VIDEO GALERIE PHOTO<\/p>\n","protected":false},"author":1,"featured_media":0,"parent":0,"menu_order":0,"comment_status":"closed","ping_status":"closed","template":"","meta":{"om_disable_all_campaigns":false,"_monsterinsights_skip_tracking":false,"_monsterinsights_sitenote_active":false,"_monsterinsights_sitenote_note":"","_monsterinsights_sitenote_category":0,"site-sidebar-layout":"no-sidebar","site-content-layout":"plain-container","ast-site-content-layout":"normal-width-container","site-content-style":"unboxed","site-sidebar-style":"unboxed","ast-global-header-display":"","ast-banner-title-visibility":"","ast-main-header-display":"","ast-hfb-above-header-display":"","ast-hfb-below-header-display":"","ast-hfb-mobile-header-display":"","site-post-title":"disabled","ast-breadcrumbs-content":"","ast-featured-img":"","footer-sml-layout":"","theme-transparent-header-meta":"enabled","adv-header-id-meta":"","stick-header-meta":"","header-above-stick-meta":"","header-main-stick-meta":"","header-below-stick-meta":"","astra-migrate-meta-layouts":"set","ast-page-background-enabled":"default","ast-page-background-meta":{"desktop":{"background-color":"","background-image":"","background-repeat":"repeat","background-position":"center center","background-size":"auto","background-attachment":"scroll","background-type":"","background-media":"","overlay-type":"","overlay-color":"","overlay-opacity":"","overlay-gradient":""},"tablet":{"background-color":"","background-image":"","background-repeat":"repeat","background-position":"center center","background-size":"auto","background-attachment":"scroll","background-type":"","background-media":"","overlay-type":"","overlay-color":"","overlay-opacity":"","overlay-gradient":""},"mobile":{"background-color":"","background-image":"","background-repeat":"repeat","background-position":"center center","background-size":"auto","background-attachment":"scroll","background-type":"","background-media":"","overlay-type":"","overlay-color":"","overlay-opacity":"","overlay-gradient":""}},"ast-content-background-meta":{"desktop":{"background-color":"var(--ast-global-color-5)","background-image":"","background-repeat":"repeat","background-position":"center center","background-size":"auto","background-attachment":"scroll","background-type":"","background-media":"","overlay-type":"","overlay-color":"","overlay-opacity":"","overlay-gradient":""},"tablet":{"background-color":"var(--ast-global-color-5)","background-image":"","background-repeat":"repeat","background-position":"center center","background-size":"auto","background-attachment":"scroll","background-type":"","background-media":"","overlay-type":"","overlay-color":"","overlay-opacity":"","overlay-gradient":""},"mobile":{"background-color":"var(--ast-global-color-5)","background-image":"","background-repeat":"repeat","background-position":"center center","background-size":"auto","background-attachment":"scroll","background-type":"","background-media":"","overlay-type":"","overlay-color":"","overlay-opacity":"","overlay-gradient":""}},"footnotes":""},"class_list":["post-130","page","type-page","status-publish","hentry"],"_links":{"self":[{"href":"https:\/\/darina-maleeva.com\/index.php\/wp-json\/wp\/v2\/pages\/130","targetHints":{"allow":["GET"]}}],"collection":[{"href":"https:\/\/darina-maleeva.com\/index.php\/wp-json\/wp\/v2\/pages"}],"about":[{"href":"https:\/\/darina-maleeva.com\/index.php\/wp-json\/wp\/v2\/types\/page"}],"author":[{"embeddable":true,"href":"https:\/\/darina-maleeva.com\/index.php\/wp-json\/wp\/v2\/users\/1"}],"replies":[{"embeddable":true,"href":"https:\/\/darina-maleeva.com\/index.php\/wp-json\/wp\/v2\/comments?post=130"}],"version-history":[{"count":82,"href":"https:\/\/darina-maleeva.com\/index.php\/wp-json\/wp\/v2\/pages\/130\/revisions"}],"predecessor-version":[{"id":2463,"href":"https:\/\/darina-maleeva.com\/index.php\/wp-json\/wp\/v2\/pages\/130\/revisions\/2463"}],"wp:attachment":[{"href":"https:\/\/darina-maleeva.com\/index.php\/wp-json\/wp\/v2\/media?parent=130"}],"curies":[{"name":"wp","href":"https:\/\/api.w.org\/{rel}","templated":true}]}}