{"id":132,"date":"2020-09-15T06:48:15","date_gmt":"2020-09-15T06:48:15","guid":{"rendered":"http:\/\/darina-maleeva.com\/index.php\/home\/"},"modified":"2026-01-30T12:48:48","modified_gmt":"2026-01-30T11:48:48","slug":"home","status":"publish","type":"page","link":"https:\/\/darina-maleeva.com\/","title":{"rendered":"Home"},"content":{"rendered":"\n<div class=\"wp-block-cover alignfull\" style=\"min-height:827px;aspect-ratio:unset;\"><img loading=\"lazy\" decoding=\"async\" width=\"2560\" height=\"1780\" class=\"wp-block-cover__image-background wp-image-1003\" alt=\"\" src=\"http:\/\/darina-maleeva.com\/wp-content\/uploads\/2023\/01\/super-Dari-Site-scaled.jpg\" data-object-fit=\"cover\" srcset=\"https:\/\/darina-maleeva.com\/wp-content\/uploads\/2023\/01\/super-Dari-Site-scaled.jpg 2560w, https:\/\/darina-maleeva.com\/wp-content\/uploads\/2023\/01\/super-Dari-Site-300x209.jpg 300w, https:\/\/darina-maleeva.com\/wp-content\/uploads\/2023\/01\/super-Dari-Site-1024x712.jpg 1024w, https:\/\/darina-maleeva.com\/wp-content\/uploads\/2023\/01\/super-Dari-Site-768x534.jpg 768w, https:\/\/darina-maleeva.com\/wp-content\/uploads\/2023\/01\/super-Dari-Site-1536x1068.jpg 1536w, https:\/\/darina-maleeva.com\/wp-content\/uploads\/2023\/01\/super-Dari-Site-2048x1424.jpg 2048w\" sizes=\"auto, (max-width: 2560px) 100vw, 2560px\" \/><span aria-hidden=\"true\" class=\"wp-block-cover__background has-background-dim\" style=\"background-color:#000000\"><\/span><div class=\"wp-block-cover__inner-container is-layout-flow wp-block-cover-is-layout-flow\">\n<p><\/p>\n\n\n\n<p><\/p>\n\n\n\n<p><\/p>\n\n\n\n<p><\/p>\n\n\n\n<p><\/p>\n\n\n\n<p><\/p>\n\n\n\n<h2 class=\"wp-block-heading has-text-align-left has-text-align-center has-text-color has-x-large-font-size\" style=\"color:#ffffff\">DARINA MALEEVA<\/h2>\n\n\n\n<div class=\"wp-block-buttons is-horizontal is-content-justification-center is-layout-flex wp-container-core-buttons-is-layout-03627597 wp-block-buttons-is-layout-flex\"><\/div>\n<\/div><\/div>\n\n\n\n<div class=\"inherit-container-width wp-block-group alignfull has-ast-global-color-4-background-color has-background is-layout-constrained wp-block-group-is-layout-constrained\">\n<p class=\"has-text-align-center\">Darina Maleeva,&nbsp;violoniste concertiste, Prix&nbsp;<em>Charles Oulmont<\/em>&nbsp;de la Fondation de France, est \u00ab l&rsquo;une des meilleures violonistes actuelles, dont le<br>talent et la nature sont exceptionnels \u00bb Devy Erlih.<\/p>\n\n\n\n<p class=\"has-text-align-center\">Elle est n\u00e9e \u00e0 Sofia en Bulgarie dans une famille o\u00f9 la musique et les min\u00e9raux cohabitent harmonieusement. Sa m\u00e8re est pianiste internationale et son p\u00e8re, g\u00e9ologue passionn\u00e9. C\u2019est l\u2019union de ces deux univers \u2013<strong>&nbsp;musique et cristaux<\/strong>\u2013 qui marque son parcours singulier d\u2019artiste.<\/p>\n\n\n\n<div class=\"wp-block-buttons is-horizontal is-content-justification-center is-layout-flex wp-container-core-buttons-is-layout-03627597 wp-block-buttons-is-layout-flex\">\n<div class=\"wp-block-button\"><a class=\"wp-block-button__link wp-element-button\" href=\"http:\/\/darina-maleeva.com\/index.php\/biographie\/\" target=\"_blank\" rel=\"noreferrer noopener\">BIOgraphie<\/a><\/div>\n<\/div>\n\n\n\n<div style=\"height:31px\" aria-hidden=\"true\" class=\"wp-block-spacer\"><\/div>\n\n\n\n<hr class=\"wp-block-separator alignfull has-alpha-channel-opacity\"\/>\n\n\n\n<figure class=\"wp-block-image aligncenter size-large\"><img loading=\"lazy\" decoding=\"async\" width=\"1024\" height=\"712\" src=\"https:\/\/darina-maleeva.com\/wp-content\/uploads\/2025\/04\/486613985_987359056925356_1406639671201090664_n-1024x712.jpg\" alt=\"\" class=\"wp-image-2414\" srcset=\"https:\/\/darina-maleeva.com\/wp-content\/uploads\/2025\/04\/486613985_987359056925356_1406639671201090664_n-1024x712.jpg 1024w, https:\/\/darina-maleeva.com\/wp-content\/uploads\/2025\/04\/486613985_987359056925356_1406639671201090664_n-300x208.jpg 300w, https:\/\/darina-maleeva.com\/wp-content\/uploads\/2025\/04\/486613985_987359056925356_1406639671201090664_n-768x534.jpg 768w, https:\/\/darina-maleeva.com\/wp-content\/uploads\/2025\/04\/486613985_987359056925356_1406639671201090664_n-1536x1067.jpg 1536w, https:\/\/darina-maleeva.com\/wp-content\/uploads\/2025\/04\/486613985_987359056925356_1406639671201090664_n.jpg 2048w\" sizes=\"auto, (max-width: 1024px) 100vw, 1024px\" \/><\/figure>\n\n\n\n<div class=\"wp-block-buttons is-content-justification-center is-layout-flex wp-container-core-buttons-is-layout-a89b3969 wp-block-buttons-is-layout-flex\"><\/div>\n<\/div>\n\n\n\n<div class=\"wp-block-cover alignfull is-light has-parallax\" style=\"min-height:600px;aspect-ratio:unset;\"><div class=\"wp-block-cover__image-background wp-image-1046 has-parallax\" style=\"background-position:50% 50%;background-image:url(http:\/\/darina-maleeva.com\/wp-content\/uploads\/2023\/01\/1-2021.07-1-scaled.gif)\"><\/div><span aria-hidden=\"true\" class=\"wp-block-cover__background has-background-dim-40 has-background-dim\" style=\"background-color:#000000\"><\/span><div class=\"wp-block-cover__inner-container is-layout-flow wp-block-cover-is-layout-flow\">\n<div class=\"wp-block-columns alignwide are-vertically-aligned-center is-layout-flex wp-container-core-columns-is-layout-28f84493 wp-block-columns-is-layout-flex\">\n<div class=\"wp-block-column is-vertically-aligned-center is-layout-flow wp-block-column-is-layout-flow\">\n<figure class=\"wp-block-embed is-type-video is-provider-youtube wp-block-embed-youtube wp-embed-aspect-16-9 wp-has-aspect-ratio\"><div class=\"wp-block-embed__wrapper\">\n<iframe loading=\"lazy\" title=\"Darina Maleeva &quot;La violoniste des cristaux&quot;\" width=\"500\" height=\"281\" src=\"https:\/\/www.youtube.com\/embed\/EQU6SgiLC90?feature=oembed\" frameborder=\"0\" allow=\"accelerometer; autoplay; clipboard-write; encrypted-media; gyroscope; picture-in-picture; web-share\" referrerpolicy=\"strict-origin-when-cross-origin\" allowfullscreen><\/iframe>\n<\/div><\/figure>\n<\/div>\n\n\n\n<div class=\"wp-block-column is-vertically-aligned-center is-layout-flow wp-block-column-is-layout-flow\">\n<h2 class=\"wp-block-heading has-text-color\" style=\"color:#ffffff\">La violoniste des cristaux<\/h2>\n\n\n\n<hr class=\"wp-block-separator has-text-color has-css-opacity has-background is-style-wide\" style=\"background-color:#ffffff;color:#ffffff\"\/>\n\n\n\n<p class=\"has-text-color\" style=\"color:#ffffff\">\u00ab\u00a0Je vis depuis toujours avec la Musique et la Nature. Notre maison \u00e0 Sofia en Bulgarie \u00e9tait remplie des pierres de mon p\u00e8re, g\u00e9ologue, et de la musique de ma m\u00e8re, pianiste.<\/p>\n\n\n\n<p class=\"has-text-color\" style=\"color:#ffffff\">J\u2019ai toujours eu un besoin profond de communiquer avec la nature, me sentant part d\u2019elle-m\u00eame. Pour le faire, j\u2019ai choisi le violon, car la vraie langue de la nature est la musique.\u00a0\u00bb<\/p>\n\n\n\n<p class=\"has-text-color\" style=\"color:#ffffff\"><\/p>\n\n\n\n<div class=\"wp-block-buttons is-layout-flex wp-block-buttons-is-layout-flex\">\n<div class=\"wp-block-button\"><a class=\"wp-block-button__link wp-element-button\" href=\"https:\/\/darina-maleeva.com\/index.php\/le-violon-des-cristaux\">en savoir plus<\/a><\/div>\n<\/div>\n<\/div>\n<\/div>\n<\/div><\/div>\n\n\n\n<div style=\"height:0px\" aria-hidden=\"true\" class=\"wp-block-spacer\"><\/div>\n\n\n\n<div class=\"inherit-container-width wp-block-group alignfull has-ast-global-color-5-background-color has-background is-layout-constrained wp-block-group-is-layout-constrained\">\n<h2 class=\"wp-block-heading has-text-align-center\">CESAR FRANCK &#8211; int\u00e9grale pour violon et piano<\/h2>\n\n\n\n<h2 class=\"wp-block-heading has-text-align-center has-luminous-vivid-orange-color has-text-color\"> ALBUM CD<\/h2>\n\n\n\n<h4 class=\"wp-block-heading has-text-align-center has-luminous-vivid-orange-color has-text-color\"> &nbsp;Ind\u00e9SENS Calliope Records<\/h4>\n\n\n\n<h3 class=\"wp-block-heading has-text-align-center\"><strong>        <\/strong><\/h3>\n\n\n\n<div style=\"height:57px\" aria-hidden=\"true\" class=\"wp-block-spacer\"><\/div>\n\n\n\n<figure class=\"wp-block-image aligncenter size-large is-resized\"><img loading=\"lazy\" decoding=\"async\" width=\"1024\" height=\"476\" src=\"http:\/\/darina-maleeva.com\/wp-content\/uploads\/2023\/10\/CD-Darina-et-Xavier-1024x476.jpg\" alt=\"\" class=\"wp-image-2155\" style=\"aspect-ratio:2.1512605042016806;width:884px;height:auto\" srcset=\"https:\/\/darina-maleeva.com\/wp-content\/uploads\/2023\/10\/CD-Darina-et-Xavier-1024x476.jpg 1024w, https:\/\/darina-maleeva.com\/wp-content\/uploads\/2023\/10\/CD-Darina-et-Xavier-300x139.jpg 300w, https:\/\/darina-maleeva.com\/wp-content\/uploads\/2023\/10\/CD-Darina-et-Xavier-768x357.jpg 768w, https:\/\/darina-maleeva.com\/wp-content\/uploads\/2023\/10\/CD-Darina-et-Xavier-1536x713.jpg 1536w, https:\/\/darina-maleeva.com\/wp-content\/uploads\/2023\/10\/CD-Darina-et-Xavier-2048x951.jpg 2048w\" sizes=\"auto, (max-width: 1024px) 100vw, 1024px\" \/><\/figure>\n\n\n\n<div style=\"height:61px\" aria-hidden=\"true\" class=\"wp-block-spacer\"><\/div>\n\n\n\n<div class=\"wp-block-columns alignwide is-layout-flex wp-container-core-columns-is-layout-28f84493 wp-block-columns-is-layout-flex\">\n<div class=\"wp-block-column is-layout-flow wp-block-column-is-layout-flow\">\n<p>En consultant les archives du compositeur, <strong>Darina Maleeva d\u00e9couvre&nbsp;<em>M\u00e9lancolie<\/em>,<\/strong> pi\u00e8ce tardive de C\u00e9sar Franck qui n\u2019a&nbsp;jamais \u00e9t\u00e9 jou\u00e9e.  <strong>Elle en fera la premi\u00e8re ex\u00e9cution en Europe, au Japon et aux Etats Unis <\/strong>et les \u00e9ditions Lemoine publieront cette \u0153uvre dans sa propre r\u00e9vision en 2002.<\/p>\n\n\n\n<p>En plus de cette \u0153uvre retrouv\u00e9e, elle mettra en avant<strong> deux autres pi\u00e8ces tr\u00e8s peu connues<\/strong> et sans oublier la c\u00e9l\u00e8bre sonate, <strong>elle enregistre l\u2019int\u00e9grale pour violon et piano de Franck <\/strong>avec Xavier Lecomte de la Bretonnerie.&nbsp;<\/p>\n\n\n\n<div style=\"height:40px\" aria-hidden=\"true\" class=\"wp-block-spacer\"><\/div>\n\n\n\n<figure class=\"wp-block-image aligncenter size-large is-resized\"><img loading=\"lazy\" decoding=\"async\" width=\"1024\" height=\"1008\" src=\"http:\/\/darina-maleeva.com\/wp-content\/uploads\/2023\/07\/0-IC020-Darina-Maleeva-Xavier-Lecomte-de-Bretonnerie-1024x1008.jpg\" alt=\"\" class=\"wp-image-2087\" style=\"width:447px;height:440px\" srcset=\"https:\/\/darina-maleeva.com\/wp-content\/uploads\/2023\/07\/0-IC020-Darina-Maleeva-Xavier-Lecomte-de-Bretonnerie-1024x1008.jpg 1024w, https:\/\/darina-maleeva.com\/wp-content\/uploads\/2023\/07\/0-IC020-Darina-Maleeva-Xavier-Lecomte-de-Bretonnerie-300x295.jpg 300w, https:\/\/darina-maleeva.com\/wp-content\/uploads\/2023\/07\/0-IC020-Darina-Maleeva-Xavier-Lecomte-de-Bretonnerie-768x756.jpg 768w, https:\/\/darina-maleeva.com\/wp-content\/uploads\/2023\/07\/0-IC020-Darina-Maleeva-Xavier-Lecomte-de-Bretonnerie.jpg 1429w\" sizes=\"auto, (max-width: 1024px) 100vw, 1024px\" \/><\/figure>\n\n\n\n<div style=\"height:50px\" aria-hidden=\"true\" class=\"wp-block-spacer\"><\/div>\n\n\n\n<div class=\"wp-block-buttons is-horizontal is-content-justification-center is-layout-flex wp-container-core-buttons-is-layout-03627597 wp-block-buttons-is-layout-flex\">\n<div class=\"wp-block-button\"><a class=\"wp-block-button__link wp-element-button\" href=\"http:\/\/darina-maleeva.com\/index.php\/cesar-franck\/\" target=\"_blank\" rel=\"noreferrer noopener\">en savoir plus<\/a><\/div>\n<\/div>\n<\/div>\n<\/div>\n<\/div>\n\n\n\n\n\n<div class=\"wp-block-cover alignfull has-parallax\" style=\"min-height:800px;aspect-ratio:unset;\"><div class=\"wp-block-cover__image-background wp-image-1300 has-parallax\" style=\"background-position:50% 50%;background-image:url(http:\/\/darina-maleeva.com\/wp-content\/uploads\/2023\/02\/Gaveau05-D-scaled.jpg)\"><\/div><span aria-hidden=\"true\" class=\"wp-block-cover__background has-background-dim-40 has-background-dim\" style=\"background-color:#000000\"><\/span><div class=\"wp-block-cover__inner-container is-layout-flow wp-block-cover-is-layout-flow\">\n<div class=\"wp-block-columns alignwide are-vertically-aligned-center is-layout-flex wp-container-core-columns-is-layout-28f84493 wp-block-columns-is-layout-flex\">\n<div class=\"wp-block-column is-vertically-aligned-center is-layout-flow wp-block-column-is-layout-flow\"><\/div>\n\n\n\n<div class=\"wp-block-column is-vertically-aligned-center is-layout-flow wp-block-column-is-layout-flow\">\n<h2 class=\"wp-block-heading has-text-color\" style=\"color:#ffffff\">Le DUO VIOLON et PIANO<\/h2>\n\n\n\n<hr class=\"wp-block-separator has-text-color has-css-opacity has-background is-style-wide\" style=\"background-color:#ffffff;color:#ffffff\"\/>\n\n\n\n<p class=\"has-text-color\" style=\"color:#ffffff\"><\/p>\n\n\n\n<p class=\"has-text-color\" style=\"color:#ffffff\"><\/p>\n\n\n\n<div class=\"wp-block-buttons is-layout-flex wp-block-buttons-is-layout-flex\">\n<div class=\"wp-block-button\"><a class=\"wp-block-button__link wp-element-button\" href=\"http:\/\/darina-maleeva.com\/index.php\/duo\/\" target=\"_blank\" rel=\"noreferrer noopener\">en savoir plus<\/a><\/div>\n<\/div>\n<\/div>\n<\/div>\n<\/div><\/div>\n\n\n\n<p><\/p>\n","protected":false},"excerpt":{"rendered":"<p>Darina Maleeva,&nbsp;violoniste concertiste, Prix&nbsp;Charles Oulmont&nbsp;de la Fondation de France, est \u00ab l&rsquo;une des meilleures violonistes actuelles, dont letalent et la nature sont exceptionnels \u00bb Devy Erlih. Elle est n\u00e9e \u00e0 Sofia en Bulgarie dans une famille o\u00f9 la musique et les min\u00e9raux cohabitent harmonieusement. Sa m\u00e8re est pianiste internationale et son p\u00e8re, g\u00e9ologue passionn\u00e9. C\u2019est [&hellip;]<\/p>\n","protected":false},"author":1,"featured_media":0,"parent":0,"menu_order":0,"comment_status":"closed","ping_status":"closed","template":"","meta":{"om_disable_all_campaigns":false,"_monsterinsights_skip_tracking":false,"_monsterinsights_sitenote_active":false,"_monsterinsights_sitenote_note":"","_monsterinsights_sitenote_category":0,"site-sidebar-layout":"no-sidebar","site-content-layout":"plain-container","ast-site-content-layout":"normal-width-container","site-content-style":"unboxed","site-sidebar-style":"unboxed","ast-global-header-display":"","ast-banner-title-visibility":"","ast-main-header-display":"","ast-hfb-above-header-display":"","ast-hfb-below-header-display":"","ast-hfb-mobile-header-display":"","site-post-title":"disabled","ast-breadcrumbs-content":"","ast-featured-img":"","footer-sml-layout":"","theme-transparent-header-meta":"enabled","adv-header-id-meta":"","stick-header-meta":"","header-above-stick-meta":"","header-main-stick-meta":"","header-below-stick-meta":"","astra-migrate-meta-layouts":"set","ast-page-background-enabled":"default","ast-page-background-meta":{"desktop":{"background-color":"","background-image":"","background-repeat":"repeat","background-position":"center center","background-size":"auto","background-attachment":"scroll","background-type":"","background-media":"","overlay-type":"","overlay-color":"","overlay-opacity":"","overlay-gradient":""},"tablet":{"background-color":"","background-image":"","background-repeat":"repeat","background-position":"center center","background-size":"auto","background-attachment":"scroll","background-type":"","background-media":"","overlay-type":"","overlay-color":"","overlay-opacity":"","overlay-gradient":""},"mobile":{"background-color":"","background-image":"","background-repeat":"repeat","background-position":"center center","background-size":"auto","background-attachment":"scroll","background-type":"","background-media":"","overlay-type":"","overlay-color":"","overlay-opacity":"","overlay-gradient":""}},"ast-content-background-meta":{"desktop":{"background-color":"var(--ast-global-color-5)","background-image":"","background-repeat":"repeat","background-position":"center center","background-size":"auto","background-attachment":"scroll","background-type":"","background-media":"","overlay-type":"","overlay-color":"","overlay-opacity":"","overlay-gradient":""},"tablet":{"background-color":"var(--ast-global-color-5)","background-image":"","background-repeat":"repeat","background-position":"center center","background-size":"auto","background-attachment":"scroll","background-type":"","background-media":"","overlay-type":"","overlay-color":"","overlay-opacity":"","overlay-gradient":""},"mobile":{"background-color":"var(--ast-global-color-5)","background-image":"","background-repeat":"repeat","background-position":"center center","background-size":"auto","background-attachment":"scroll","background-type":"","background-media":"","overlay-type":"","overlay-color":"","overlay-opacity":"","overlay-gradient":""}},"footnotes":""},"class_list":["post-132","page","type-page","status-publish","hentry"],"_links":{"self":[{"href":"https:\/\/darina-maleeva.com\/index.php\/wp-json\/wp\/v2\/pages\/132","targetHints":{"allow":["GET"]}}],"collection":[{"href":"https:\/\/darina-maleeva.com\/index.php\/wp-json\/wp\/v2\/pages"}],"about":[{"href":"https:\/\/darina-maleeva.com\/index.php\/wp-json\/wp\/v2\/types\/page"}],"author":[{"embeddable":true,"href":"https:\/\/darina-maleeva.com\/index.php\/wp-json\/wp\/v2\/users\/1"}],"replies":[{"embeddable":true,"href":"https:\/\/darina-maleeva.com\/index.php\/wp-json\/wp\/v2\/comments?post=132"}],"version-history":[{"count":165,"href":"https:\/\/darina-maleeva.com\/index.php\/wp-json\/wp\/v2\/pages\/132\/revisions"}],"predecessor-version":[{"id":2507,"href":"https:\/\/darina-maleeva.com\/index.php\/wp-json\/wp\/v2\/pages\/132\/revisions\/2507"}],"wp:attachment":[{"href":"https:\/\/darina-maleeva.com\/index.php\/wp-json\/wp\/v2\/media?parent=132"}],"curies":[{"name":"wp","href":"https:\/\/api.w.org\/{rel}","templated":true}]}}