{"id":292,"date":"2022-07-04T17:46:49","date_gmt":"2022-07-04T15:46:49","guid":{"rendered":"http:\/\/darina-maleeva.com\/?page_id=292"},"modified":"2024-09-18T17:39:05","modified_gmt":"2024-09-18T15:39:05","slug":"le-violon-des-cristaux","status":"publish","type":"page","link":"https:\/\/darina-maleeva.com\/index.php\/le-violon-des-cristaux\/","title":{"rendered":"la violoniste des cristaux"},"content":{"rendered":"\n<div class=\"wp-block-cover alignfull has-parallax\" style=\"min-height:750px;aspect-ratio:unset;\"><span aria-hidden=\"true\" class=\"wp-block-cover__background has-background-dim-40 has-background-dim\" style=\"background-color:#000000\"><\/span><div class=\"wp-block-cover__image-background wp-image-237 has-parallax\" style=\"background-position:50% 50%;background-image:url(http:\/\/darina-maleeva.com\/wp-content\/uploads\/2022\/06\/Japonski-dvoinik-1.jpg)\"><\/div><div class=\"wp-block-cover__inner-container is-layout-flow wp-block-cover-is-layout-flow\">\n<div class=\"wp-block-columns alignwide are-vertically-aligned-center is-layout-flex wp-container-core-columns-is-layout-28f84493 wp-block-columns-is-layout-flex\">\n<div class=\"wp-block-column is-vertically-aligned-center is-layout-flow wp-block-column-is-layout-flow\">\n<figure class=\"wp-block-embed is-type-video is-provider-youtube wp-block-embed-youtube wp-embed-aspect-16-9 wp-has-aspect-ratio\"><div class=\"wp-block-embed__wrapper\">\n<iframe loading=\"lazy\" title=\"Darina Maleeva &quot;Le violon des cristaux&quot;\" width=\"500\" height=\"281\" src=\"https:\/\/www.youtube.com\/embed\/EQU6SgiLC90?feature=oembed\" frameborder=\"0\" allow=\"accelerometer; autoplay; clipboard-write; encrypted-media; gyroscope; picture-in-picture; web-share\" referrerpolicy=\"strict-origin-when-cross-origin\" allowfullscreen><\/iframe>\n<\/div><\/figure>\n<\/div>\n\n\n\n<div class=\"wp-block-column is-vertically-aligned-center is-layout-flow wp-block-column-is-layout-flow\">\n<h2 class=\"wp-block-heading has-text-color has-x-large-font-size\" style=\"color:#ffffff\">La violoniste des cristaux<\/h2>\n\n\n\n<p class=\"has-text-color\" style=\"color:#ffffff\"><\/p>\n\n\n\n<p class=\"has-text-color\" style=\"color:#ffffff\"><\/p>\n\n\n\n<div class=\"wp-block-buttons is-layout-flex wp-block-buttons-is-layout-flex\"><\/div>\n<\/div>\n<\/div>\n<\/div><\/div>\n\n\n\n<div style=\"height:68px\" aria-hidden=\"true\" class=\"wp-block-spacer\"><\/div>\n\n\n\n<h2 class=\"wp-block-heading\"><em>la violoniste des cristaux<\/em><\/h2>\n\n\n\n<p> \u00ab\u00a0Je vis depuis toujours avec la Musique et la Terre. Notre maison \u00e0 Sofia en Bulgarie \u00e9taient remplie des pierres de mon p\u00e8re, g\u00e9ologue, et de la musique de ma m\u00e8re, pianiste.<\/p>\n\n\n\n<p>J\u2019ai toujours eu un besoin profond de communiquer avec la nature, me sentant part d\u2019elle-m\u00eame. Pour le faire, j\u2019ai choisi le violon, car la vraie langue de la nature est la musique. Elle est pr\u00e9sente partout&nbsp;: les oiseaux chantent, le vent et les vagues de la mer \u00e9galement. Chaque mouvement dans la Terre ou de la nature est accompagn\u00e9 de sons particuliers. &nbsp;<\/p>\n\n\n\n<p>Gr\u00e2ce au violon, je dialogue v\u00e9ritablement avec la nature, qui a tellement de choses \u00e0 nous apprendre. C\u2019est ce message que j\u2019essaie de partager et de transmettre lors de mes concerts. <\/p>\n\n\n\n<p>La cr\u00e9ation de l\u2019association et du concours \u00ab&nbsp;La Musique et la Terre&nbsp;\u00bb essaye de retrouver ce contact perdu avec la nature.\u00a0\u00bb<\/p>\n\n\n\n<div style=\"height:45px\" aria-hidden=\"true\" class=\"wp-block-spacer\"><\/div>\n\n\n\n<figure class=\"wp-block-gallery has-nested-images columns-default is-cropped wp-block-gallery-1 is-layout-flex wp-block-gallery-is-layout-flex\">\n<figure class=\"wp-block-image size-large\"><img loading=\"lazy\" decoding=\"async\" width=\"762\" height=\"1024\" data-id=\"2081\" src=\"http:\/\/darina-maleeva.com\/wp-content\/uploads\/2023\/07\/Darina-Archive-Musee-A-762x1024.jpg\" alt=\"\" class=\"wp-image-2081\" srcset=\"https:\/\/darina-maleeva.com\/wp-content\/uploads\/2023\/07\/Darina-Archive-Musee-A-762x1024.jpg 762w, https:\/\/darina-maleeva.com\/wp-content\/uploads\/2023\/07\/Darina-Archive-Musee-A-223x300.jpg 223w, https:\/\/darina-maleeva.com\/wp-content\/uploads\/2023\/07\/Darina-Archive-Musee-A-768x1032.jpg 768w, https:\/\/darina-maleeva.com\/wp-content\/uploads\/2023\/07\/Darina-Archive-Musee-A-1143x1536.jpg 1143w, https:\/\/darina-maleeva.com\/wp-content\/uploads\/2023\/07\/Darina-Archive-Musee-A-1523x2048.jpg 1523w, https:\/\/darina-maleeva.com\/wp-content\/uploads\/2023\/07\/Darina-Archive-Musee-A-scaled.jpg 1904w\" sizes=\"auto, (max-width: 762px) 100vw, 762px\" \/><figcaption class=\"wp-element-caption\"> Darina Maleeva au mus\u00e9e national <em>Earth and Man<\/em> de Sofia, Bulgarie, 1996<\/figcaption><\/figure>\n\n\n\n<figure class=\"wp-block-image size-large\"><img loading=\"lazy\" decoding=\"async\" width=\"772\" height=\"1024\" data-id=\"232\" src=\"http:\/\/darina-maleeva.com\/wp-content\/uploads\/2022\/06\/Darina-Maleeva-au-musee-Earth-and-Man-a-Sofia-772x1024.jpg\" alt=\"\" class=\"wp-image-232\" srcset=\"https:\/\/darina-maleeva.com\/wp-content\/uploads\/2022\/06\/Darina-Maleeva-au-musee-Earth-and-Man-a-Sofia-772x1024.jpg 772w, https:\/\/darina-maleeva.com\/wp-content\/uploads\/2022\/06\/Darina-Maleeva-au-musee-Earth-and-Man-a-Sofia-226x300.jpg 226w, https:\/\/darina-maleeva.com\/wp-content\/uploads\/2022\/06\/Darina-Maleeva-au-musee-Earth-and-Man-a-Sofia-768x1018.jpg 768w, https:\/\/darina-maleeva.com\/wp-content\/uploads\/2022\/06\/Darina-Maleeva-au-musee-Earth-and-Man-a-Sofia-1159x1536.jpg 1159w, https:\/\/darina-maleeva.com\/wp-content\/uploads\/2022\/06\/Darina-Maleeva-au-musee-Earth-and-Man-a-Sofia-1545x2048.jpg 1545w, https:\/\/darina-maleeva.com\/wp-content\/uploads\/2022\/06\/Darina-Maleeva-au-musee-Earth-and-Man-a-Sofia.jpg 1915w\" sizes=\"auto, (max-width: 772px) 100vw, 772px\" \/><\/figure>\n\n\n\n<figure class=\"wp-block-image size-large\"><img loading=\"lazy\" decoding=\"async\" width=\"814\" height=\"1024\" data-id=\"2082\" src=\"http:\/\/darina-maleeva.com\/wp-content\/uploads\/2023\/07\/Darina-Archive-Musee-2-A-814x1024.jpg\" alt=\"\" class=\"wp-image-2082\" srcset=\"https:\/\/darina-maleeva.com\/wp-content\/uploads\/2023\/07\/Darina-Archive-Musee-2-A-814x1024.jpg 814w, https:\/\/darina-maleeva.com\/wp-content\/uploads\/2023\/07\/Darina-Archive-Musee-2-A-239x300.jpg 239w, https:\/\/darina-maleeva.com\/wp-content\/uploads\/2023\/07\/Darina-Archive-Musee-2-A-768x966.jpg 768w, https:\/\/darina-maleeva.com\/wp-content\/uploads\/2023\/07\/Darina-Archive-Musee-2-A-1222x1536.jpg 1222w, https:\/\/darina-maleeva.com\/wp-content\/uploads\/2023\/07\/Darina-Archive-Musee-2-A-1629x2048.jpg 1629w, https:\/\/darina-maleeva.com\/wp-content\/uploads\/2023\/07\/Darina-Archive-Musee-2-A.jpg 1928w\" sizes=\"auto, (max-width: 814px) 100vw, 814px\" \/><\/figure>\n<\/figure>\n\n\n\n<div style=\"height:45px\" aria-hidden=\"true\" class=\"wp-block-spacer\"><\/div>\n\n\n\n<h2 class=\"wp-block-heading\">Association <em>Les Amis de la musique et de la terre<\/em><\/h2>\n\n\n\n<p>Honor\u00e9e de&nbsp;la <em>M\u00e9daille de la ville d\u2019Orsay&nbsp;<\/em>en 2017, l&rsquo;association<a rel=\"noreferrer noopener\" href=\"http:\/\/musique-terre.com\" target=\"_blank\"> \u00ab\u00a0Les amis de la musique et de la terre\u00a0\u00bb<\/a> cherche \u00e0 \u00e9tablir, gr\u00e2ce \u00e0 l&rsquo;art, des relations harmonieuses entre l&rsquo;Homme et la Nature. Son but principal est de promouvoir l&rsquo;apprentissage et la pr\u00e9sentation de musiques en rapport avec la Nature, et de sensibiliser ainsi les gens aux enjeux \u00e9cologiques. <\/p>\n\n\n\n<p>Fondateurs et directeurs artistiques : Darina Maleeva et Xavier Lecomte de la Bretonnerie.<\/p>\n\n\n\n<p>Activit\u00e9s principales :<\/p>\n\n\n\n<ul class=\"wp-block-list\">\n<li>Apprentissage de la musique&nbsp;: cours de violon, de harpe et de piano<\/li>\n\n\n\n<li>Concerts et spectacles<\/li>\n\n\n\n<li>Organisation du concours international \u00ab&nbsp;La Musique et la Terre&nbsp;\u00bb<\/li>\n<\/ul>\n\n\n\n<div style=\"height:36px\" aria-hidden=\"true\" class=\"wp-block-spacer\"><\/div>\n","protected":false},"excerpt":{"rendered":"<p>la violoniste des cristaux \u00ab\u00a0Je vis depuis toujours avec la Musique et la Terre. Notre maison \u00e0 Sofia en Bulgarie \u00e9taient remplie des pierres de mon p\u00e8re, g\u00e9ologue, et de la musique de ma m\u00e8re, pianiste. J\u2019ai toujours eu un besoin profond de communiquer avec la nature, me sentant part d\u2019elle-m\u00eame. Pour le faire, j\u2019ai [&hellip;]<\/p>\n","protected":false},"author":1,"featured_media":0,"parent":0,"menu_order":0,"comment_status":"closed","ping_status":"closed","template":"","meta":{"om_disable_all_campaigns":false,"_monsterinsights_skip_tracking":false,"_monsterinsights_sitenote_active":false,"_monsterinsights_sitenote_note":"","_monsterinsights_sitenote_category":0,"site-sidebar-layout":"no-sidebar","site-content-layout":"plain-container","ast-site-content-layout":"default","site-content-style":"default","site-sidebar-style":"default","ast-global-header-display":"","ast-banner-title-visibility":"","ast-main-header-display":"","ast-hfb-above-header-display":"","ast-hfb-below-header-display":"","ast-hfb-mobile-header-display":"","site-post-title":"disabled","ast-breadcrumbs-content":"","ast-featured-img":"","footer-sml-layout":"","theme-transparent-header-meta":"enabled","adv-header-id-meta":"","stick-header-meta":"","header-above-stick-meta":"","header-main-stick-meta":"","header-below-stick-meta":"","astra-migrate-meta-layouts":"default","ast-page-background-enabled":"default","ast-page-background-meta":{"desktop":{"background-color":"","background-image":"","background-repeat":"repeat","background-position":"center center","background-size":"auto","background-attachment":"scroll","background-type":"","background-media":"","overlay-type":"","overlay-color":"","overlay-opacity":"","overlay-gradient":""},"tablet":{"background-color":"","background-image":"","background-repeat":"repeat","background-position":"center center","background-size":"auto","background-attachment":"scroll","background-type":"","background-media":"","overlay-type":"","overlay-color":"","overlay-opacity":"","overlay-gradient":""},"mobile":{"background-color":"","background-image":"","background-repeat":"repeat","background-position":"center center","background-size":"auto","background-attachment":"scroll","background-type":"","background-media":"","overlay-type":"","overlay-color":"","overlay-opacity":"","overlay-gradient":""}},"ast-content-background-meta":{"desktop":{"background-color":"var(--ast-global-color-5)","background-image":"","background-repeat":"repeat","background-position":"center center","background-size":"auto","background-attachment":"scroll","background-type":"","background-media":"","overlay-type":"","overlay-color":"","overlay-opacity":"","overlay-gradient":""},"tablet":{"background-color":"var(--ast-global-color-5)","background-image":"","background-repeat":"repeat","background-position":"center center","background-size":"auto","background-attachment":"scroll","background-type":"","background-media":"","overlay-type":"","overlay-color":"","overlay-opacity":"","overlay-gradient":""},"mobile":{"background-color":"var(--ast-global-color-5)","background-image":"","background-repeat":"repeat","background-position":"center center","background-size":"auto","background-attachment":"scroll","background-type":"","background-media":"","overlay-type":"","overlay-color":"","overlay-opacity":"","overlay-gradient":""}},"footnotes":""},"class_list":["post-292","page","type-page","status-publish","hentry"],"_links":{"self":[{"href":"https:\/\/darina-maleeva.com\/index.php\/wp-json\/wp\/v2\/pages\/292","targetHints":{"allow":["GET"]}}],"collection":[{"href":"https:\/\/darina-maleeva.com\/index.php\/wp-json\/wp\/v2\/pages"}],"about":[{"href":"https:\/\/darina-maleeva.com\/index.php\/wp-json\/wp\/v2\/types\/page"}],"author":[{"embeddable":true,"href":"https:\/\/darina-maleeva.com\/index.php\/wp-json\/wp\/v2\/users\/1"}],"replies":[{"embeddable":true,"href":"https:\/\/darina-maleeva.com\/index.php\/wp-json\/wp\/v2\/comments?post=292"}],"version-history":[{"count":65,"href":"https:\/\/darina-maleeva.com\/index.php\/wp-json\/wp\/v2\/pages\/292\/revisions"}],"predecessor-version":[{"id":2308,"href":"https:\/\/darina-maleeva.com\/index.php\/wp-json\/wp\/v2\/pages\/292\/revisions\/2308"}],"wp:attachment":[{"href":"https:\/\/darina-maleeva.com\/index.php\/wp-json\/wp\/v2\/media?parent=292"}],"curies":[{"name":"wp","href":"https:\/\/api.w.org\/{rel}","templated":true}]}}