{"id":294,"date":"2022-07-04T17:48:05","date_gmt":"2022-07-04T15:48:05","guid":{"rendered":"http:\/\/darina-maleeva.com\/?page_id=294"},"modified":"2026-02-10T19:27:09","modified_gmt":"2026-02-10T18:27:09","slug":"cesar-franck","status":"publish","type":"page","link":"https:\/\/darina-maleeva.com\/index.php\/cesar-franck\/","title":{"rendered":"C\u00e9sar Franck"},"content":{"rendered":"\n<div class=\"wp-block-cover alignfull is-light\" style=\"min-height:703px;aspect-ratio:unset;\"><img loading=\"lazy\" decoding=\"async\" width=\"2560\" height=\"1614\" class=\"wp-block-cover__image-background wp-image-1206\" alt=\"\" src=\"http:\/\/darina-maleeva.com\/wp-content\/uploads\/2023\/02\/D5A1906-A-Copi-scaled.jpg\" style=\"object-position:47% 29%\" data-object-fit=\"cover\" data-object-position=\"47% 29%\" srcset=\"https:\/\/darina-maleeva.com\/wp-content\/uploads\/2023\/02\/D5A1906-A-Copi-scaled.jpg 2560w, https:\/\/darina-maleeva.com\/wp-content\/uploads\/2023\/02\/D5A1906-A-Copi-300x189.jpg 300w, https:\/\/darina-maleeva.com\/wp-content\/uploads\/2023\/02\/D5A1906-A-Copi-1024x645.jpg 1024w, https:\/\/darina-maleeva.com\/wp-content\/uploads\/2023\/02\/D5A1906-A-Copi-768x484.jpg 768w, https:\/\/darina-maleeva.com\/wp-content\/uploads\/2023\/02\/D5A1906-A-Copi-1536x968.jpg 1536w, https:\/\/darina-maleeva.com\/wp-content\/uploads\/2023\/02\/D5A1906-A-Copi-2048x1291.jpg 2048w\" sizes=\"auto, (max-width: 2560px) 100vw, 2560px\" \/><span aria-hidden=\"true\" class=\"wp-block-cover__background has-background-dim-20 has-background-dim\" style=\"background-color:#000000\"><\/span><div class=\"wp-block-cover__inner-container is-layout-flow wp-block-cover-is-layout-flow\">\n<p class=\"has-text-align-center has-large-font-size\"><\/p>\n\n\n\n<p><\/p>\n\n\n\n<p><\/p>\n\n\n\n<p><\/p>\n\n\n\n<p><\/p>\n\n\n\n<p><\/p>\n\n\n\n<p><\/p>\n\n\n\n<p><\/p>\n\n\n\n<p><\/p>\n\n\n\n<p><\/p>\n\n\n\n<p><\/p>\n\n\n\n<p><\/p>\n\n\n\n<p><\/p>\n\n\n\n<h2 class=\"wp-block-heading has-text-align-left has-ast-global-color-5-color has-text-color has-x-large-font-size\">C\u00c9SAR FRANCK<\/h2>\n\n\n\n<p><\/p>\n\n\n\n<p><\/p>\n\n\n\n<p><\/p>\n\n\n\n<p><\/p>\n\n\n\n<p><\/p>\n\n\n\n<p><\/p>\n\n\n\n<p><\/p>\n\n\n\n<p><\/p>\n<\/div><\/div>\n\n\n\n<div style=\"height:47px\" aria-hidden=\"true\" class=\"wp-block-spacer\"><\/div>\n\n\n\n<h1 class=\"wp-block-heading has-text-align-center has-large-font-size\">C\u00c9SAR FRANCK \u2013 INTEGRALE POUR VIOLON ET PIANO<\/h1>\n\n\n\n<h1 class=\"wp-block-heading has-text-align-center has-luminous-vivid-orange-color has-text-color has-large-font-size\"> ALBUM CD<\/h1>\n\n\n\n<h3 class=\"wp-block-heading has-text-align-center has-luminous-vivid-orange-color has-text-color\"><strong>&nbsp;Ind\u00e9SENS Calliope Record<\/strong>s<\/h3>\n\n\n\n<div style=\"height:32px\" aria-hidden=\"true\" class=\"wp-block-spacer\"><\/div>\n\n\n\n<center><iframe loading=\"lazy\" width=\"560\" height=\"315\" src=\"https:\/\/www.youtube.com\/embed\/PgbNLTcQ2PM?si=9aSZSg3VZ9npYlfR\" title=\"YouTube video player\" frameborder=\"0\" allow=\"accelerometer; autoplay; clipboard-write; encrypted-media; gyroscope; picture-in-picture; web-share\" allowfullscreen><\/iframe>\n\n\n\n<div style=\"height:72px\" aria-hidden=\"true\" class=\"wp-block-spacer\"><\/div>\n\n\n\n<figure class=\"wp-block-image aligncenter size-large\"><img loading=\"lazy\" decoding=\"async\" width=\"1024\" height=\"466\" src=\"http:\/\/darina-maleeva.com\/wp-content\/uploads\/2023\/07\/\u0426\u0435\u0437\u0430\u0440-\u0424\u0440\u0430\u043d\u043a-1024x466.jpg\" alt=\"\" class=\"wp-image-2095\" srcset=\"https:\/\/darina-maleeva.com\/wp-content\/uploads\/2023\/07\/\u0426\u0435\u0437\u0430\u0440-\u0424\u0440\u0430\u043d\u043a-1024x466.jpg 1024w, https:\/\/darina-maleeva.com\/wp-content\/uploads\/2023\/07\/\u0426\u0435\u0437\u0430\u0440-\u0424\u0440\u0430\u043d\u043a-300x136.jpg 300w, https:\/\/darina-maleeva.com\/wp-content\/uploads\/2023\/07\/\u0426\u0435\u0437\u0430\u0440-\u0424\u0440\u0430\u043d\u043a-768x349.jpg 768w, https:\/\/darina-maleeva.com\/wp-content\/uploads\/2023\/07\/\u0426\u0435\u0437\u0430\u0440-\u0424\u0440\u0430\u043d\u043a-1536x699.jpg 1536w, https:\/\/darina-maleeva.com\/wp-content\/uploads\/2023\/07\/\u0426\u0435\u0437\u0430\u0440-\u0424\u0440\u0430\u043d\u043a-2048x932.jpg 2048w\" sizes=\"auto, (max-width: 1024px) 100vw, 1024px\" \/><\/figure>\n\n\n\n<div style=\"height:64px\" aria-hidden=\"true\" class=\"wp-block-spacer\"><\/div>\n\n\n\n<p class=\"has-text-align-left\"><a href=\"https:\/\/darina-maleeva.com\/index.php\/category\/presse\/\" target=\"_blank\" rel=\"noreferrer noopener\">Voir les articles de presse ICI<\/a><\/p>\n\n\n\n<p class=\"has-text-align-left\">En consultant les archives du compositeur, <strong>Darina Maleeva d\u00e9couvre&nbsp;<em>M\u00e9lancolie<\/em>,<\/strong> pi\u00e8ce tardive de C\u00e9sar Franck qui n\u2019a&nbsp;jamais \u00e9t\u00e9 jou\u00e9e. <strong>Elle en fera la premi\u00e8re ex\u00e9cution en Europe, au Japon et aux Etats Unis <\/strong>et les \u00e9ditions Lemoine publieront cette \u0153uvre dans sa propre r\u00e9vision en 2002.<\/p>\n\n\n\n<p class=\"has-text-align-left\">En plus de cette \u0153uvre retrouv\u00e9e, elle mettra en avant deux autres pi\u00e8ces tr\u00e8s peu connues et sans oublier la c\u00e9l\u00e8bre sonate, <strong>elle pr\u00e9sentera la premi\u00e8re mondiale de l\u2019\u0153uvre int\u00e9grale pour violon et piano<\/strong>, avec Pietro Galli.&nbsp;<\/p>\n\n\n\n<p class=\"has-text-align-left\"><strong>Elle enregistre l\u2019int\u00e9grale pour violon et piano de Franck <\/strong>avec Xavier Lecomte de la Bretonnerie.<strong> &nbsp;<\/strong><\/p>\n\n\n\n<div style=\"height:44px\" aria-hidden=\"true\" class=\"wp-block-spacer\"><\/div>\n\n\n\n<figure class=\"wp-block-gallery has-nested-images columns-default is-cropped wp-block-gallery-1 is-layout-flex wp-block-gallery-is-layout-flex\">\n<figure class=\"wp-block-image size-large\"><img loading=\"lazy\" decoding=\"async\" width=\"1024\" height=\"576\" data-id=\"1231\" src=\"http:\/\/darina-maleeva.com\/wp-content\/uploads\/2023\/02\/DSF2188-1024x576.jpg\" alt=\"\" class=\"wp-image-1231\" srcset=\"https:\/\/darina-maleeva.com\/wp-content\/uploads\/2023\/02\/DSF2188-1024x576.jpg 1024w, https:\/\/darina-maleeva.com\/wp-content\/uploads\/2023\/02\/DSF2188-300x169.jpg 300w, https:\/\/darina-maleeva.com\/wp-content\/uploads\/2023\/02\/DSF2188-768x432.jpg 768w, https:\/\/darina-maleeva.com\/wp-content\/uploads\/2023\/02\/DSF2188-1536x864.jpg 1536w, https:\/\/darina-maleeva.com\/wp-content\/uploads\/2023\/02\/DSF2188-2048x1153.jpg 2048w\" sizes=\"auto, (max-width: 1024px) 100vw, 1024px\" \/><figcaption class=\"wp-element-caption\">Xavier Lecomte de la Bretonnerie et D. Maleeva en r\u00e9p\u00e9tition<\/figcaption><\/figure>\n\n\n\n<figure class=\"wp-block-image size-large\"><img loading=\"lazy\" decoding=\"async\" width=\"1024\" height=\"637\" data-id=\"1229\" src=\"http:\/\/darina-maleeva.com\/wp-content\/uploads\/2023\/02\/DSF2214-1024x637.jpg\" alt=\"\" class=\"wp-image-1229\" srcset=\"https:\/\/darina-maleeva.com\/wp-content\/uploads\/2023\/02\/DSF2214-1024x637.jpg 1024w, https:\/\/darina-maleeva.com\/wp-content\/uploads\/2023\/02\/DSF2214-300x187.jpg 300w, https:\/\/darina-maleeva.com\/wp-content\/uploads\/2023\/02\/DSF2214-768x478.jpg 768w, https:\/\/darina-maleeva.com\/wp-content\/uploads\/2023\/02\/DSF2214-1536x956.jpg 1536w, https:\/\/darina-maleeva.com\/wp-content\/uploads\/2023\/02\/DSF2214-2048x1275.jpg 2048w\" sizes=\"auto, (max-width: 1024px) 100vw, 1024px\" \/><\/figure>\n\n\n\n<figure class=\"wp-block-image size-large\"><img loading=\"lazy\" decoding=\"async\" width=\"1024\" height=\"576\" data-id=\"1230\" src=\"http:\/\/darina-maleeva.com\/wp-content\/uploads\/2023\/02\/DSF2207-1024x576.jpg\" alt=\"\" class=\"wp-image-1230\" srcset=\"https:\/\/darina-maleeva.com\/wp-content\/uploads\/2023\/02\/DSF2207-1024x576.jpg 1024w, https:\/\/darina-maleeva.com\/wp-content\/uploads\/2023\/02\/DSF2207-300x169.jpg 300w, https:\/\/darina-maleeva.com\/wp-content\/uploads\/2023\/02\/DSF2207-768x432.jpg 768w, https:\/\/darina-maleeva.com\/wp-content\/uploads\/2023\/02\/DSF2207-1536x864.jpg 1536w, https:\/\/darina-maleeva.com\/wp-content\/uploads\/2023\/02\/DSF2207-2048x1153.jpg 2048w\" sizes=\"auto, (max-width: 1024px) 100vw, 1024px\" \/><\/figure>\n<\/figure>\n\n\n\n<div class=\"wp-block-columns alignwide is-layout-flex wp-container-core-columns-is-layout-28f84493 wp-block-columns-is-layout-flex\">\n<div class=\"wp-block-column is-layout-flow wp-block-column-is-layout-flow\" style=\"flex-basis:100%\">\n<p class=\"has-small-font-size\"><\/p>\n\n\n\n<div style=\"height:23px\" aria-hidden=\"true\" class=\"wp-block-spacer\"><\/div>\n\n\n\n<h1 class=\"wp-block-heading has-text-align-left\" style=\"font-size:27px\"><strong>C\u00e9sar Franck<\/strong> &#8211; <strong><em>M\u00e9lancolie<\/em> <\/strong><\/h1>\n\n\n\n<div style=\"height:29px\" aria-hidden=\"true\" class=\"wp-block-spacer\"><\/div>\n\n\n\n<div class=\"wp-block-columns is-layout-flex wp-container-core-columns-is-layout-28f84493 wp-block-columns-is-layout-flex\">\n<div class=\"wp-block-column is-layout-flow wp-block-column-is-layout-flow\" style=\"flex-basis:100%\">\n<div class=\"wp-block-media-text alignwide is-stacked-on-mobile\"><figure class=\"wp-block-media-text__media\"><img loading=\"lazy\" decoding=\"async\" width=\"753\" height=\"1024\" src=\"http:\/\/darina-maleeva.com\/wp-content\/uploads\/2022\/07\/Melancolie-753x1024.jpg\" alt=\"\" class=\"wp-image-258 size-full\" srcset=\"https:\/\/darina-maleeva.com\/wp-content\/uploads\/2022\/07\/Melancolie-753x1024.jpg 753w, https:\/\/darina-maleeva.com\/wp-content\/uploads\/2022\/07\/Melancolie-221x300.jpg 221w, https:\/\/darina-maleeva.com\/wp-content\/uploads\/2022\/07\/Melancolie-768x1045.jpg 768w, https:\/\/darina-maleeva.com\/wp-content\/uploads\/2022\/07\/Melancolie-1129x1536.jpg 1129w, https:\/\/darina-maleeva.com\/wp-content\/uploads\/2022\/07\/Melancolie-1506x2048.jpg 1506w, https:\/\/darina-maleeva.com\/wp-content\/uploads\/2022\/07\/Melancolie-scaled.jpg 1882w\" sizes=\"auto, (max-width: 753px) 100vw, 753px\" \/><\/figure><div class=\"wp-block-media-text__content\">\n<p class=\"has-text-align-left\"><strong>Le r\u00eave <\/strong><\/p>\n\n\n\n<p class=\"has-text-align-left\">L\u2019amour de Darina Maleeva pour C\u00e9sar Franck remonte \u00e0 son enfance lorsqu\u2019elle \u00e9tait encore \u00e9tudiante \u00e0 l\u2019\u00e9cole musicale de Sofia o\u00f9, en plus du violon, elle apprend aussi le piano.<\/p>\n\n\n\n<p class=\"has-text-align-left\">Un jour, sa professeure lui montre la<em> Danse lente<\/em> de Franck. Subjugu\u00e9e par cette pi\u00e8ce, elle ne cesse de la travailler \u00e0 la maison. Chaque changement d\u2019harmonie doit trouver un timbre sp\u00e9cifique, une couleur diff\u00e9rente\u2026 M\u00eame sa m\u00e8re, pianiste internationale, s\u2019 \u00e9tonne du temps pass\u00e9 et de l&rsquo;int\u00e9r\u00eat pour cette courte pi\u00e8ce ! <\/p>\n\n\n\n<p class=\"has-text-align-left\">La tr\u00e8s jeune Darina fait alors un r\u00eave :&nbsp;jouer la c\u00e9l\u00e8bre sonate de Franck, et aller un jour en France, consulter les archives du compositeur.<\/p>\n\n\n\n<p class=\"has-text-align-left\"><strong><em>M\u00e9lancolie<\/em><\/strong><\/p>\n\n\n\n<p class=\"has-text-align-left\">Avec ses professeurs de violon \u00e0 Paris, elle approfondit son interpr\u00e9tation de la <em>Sonate<\/em>. Cependant, elle a toujours envie d\u2019en savoir encore plus sur le compositeur. Elle commence alors un v\u00e9ritable travail de recherche et, dans le cadre de son Master \u00e0 l&rsquo;Universit\u00e9 de Paris VIII, elle red\u00e9couvre <em>M\u00e9lancolie<\/em>, pi\u00e8ce in\u00e9dite de C\u00e9sar Franck.<\/p>\n\n\n\n<p class=\"has-text-align-left\"><em><em>M\u00e9lancolie<\/em>  <\/em>sera pr\u00e9sent\u00e9e pour la premi\u00e8re fois en public en 2001, au <em><em>Festival classique <\/em><\/em>de Brant\u00f4me par Darina Maleeva et Pietro Galli.<\/p>\n\n\n\n<p class=\"has-text-align-left\">Elle a ensuite \u00e9t\u00e9 \u00e9dit\u00e9e dans la r\u00e9vision Darina Maleeva aux \u00e9ditions <em>Henry Lemoine<\/em> en 2002. <\/p>\n<\/div><\/div>\n<\/div>\n<\/div>\n\n\n\n<p class=\"has-text-align-left\"><a rel=\"noreferrer noopener\" href=\"https:\/\/www.henry-lemoine.com\/fr\/partitions-par-instrument\/4218-melancolie.html?ref=27717\" target=\"_blank\">Commander  <em>M\u00e9lancolie<\/em><\/a><\/p>\n\n\n\n<h1 class=\"wp-block-heading has-text-align-left\" style=\"font-size:27px\"><strong>C\u00e9sar Franck<\/strong> <strong>&#8211; Premi\u00e8re mondiale de l\u2019\u0153uvre int\u00e9grale<\/strong><\/h1>\n\n\n\n<div style=\"height:17px\" aria-hidden=\"true\" class=\"wp-block-spacer\"><\/div>\n\n\n\n<p class=\"has-text-align-left\">Darina Maleeva pr\u00e9sente la premi\u00e8re mondiale de l\u2019\u0153uvre int\u00e9grale pour violon et piano de C\u00e9sar Franck<strong> <\/strong>au<em> Festival classique <\/em>de Brant\u00f4me en 2001 avec  Pietro Galli, pianiste, chef de chant \u00e0 l\u2019Op\u00e9ra national de Paris. <\/p>\n\n\n\n<p class=\"has-text-align-left\">La premi\u00e8re mondiale de l\u2019\u0153uvre int\u00e9grale pour violon et piano de C\u00e9sar Franck a eu lieu dans la Grotte du Jugement Dernier \u00e0 Brant\u00f4me, une exp\u00e9rience extraordinaire pour Darina :<\/p>\n\n\n\n<p class=\"has-text-align-left\">\u00ab C\u2019\u00e9tait tr\u00e8s sp\u00e9cial de jouer dans cette grotte, je sentais qu\u2019il y avait une v\u00e9ritable vie \u00e0 l\u2019int\u00e9rieur. Ce n\u2019\u00e9tait pas du tout la m\u00eame sensation qu\u2019avec une salle de concert. Pendant les r\u00e9p\u00e9titions et au d\u00e9but du concert tout a \u00e9t\u00e9 relativement tranquille, mais au fil de la soir\u00e9e la grotte s\u2019animait : les chauves-souris commen\u00e7aient \u00e0 se promener et de petites b\u00eates \u00e9tranges n\u2019arr\u00eataient pas de se poser sur mon dos et mes \u00e9paules. En tant que fille de g\u00e9ologue, je me sentais bien dans ce lieu, d&rsquo;autant plus que l\u2019acoustique \u00e9tait tr\u00e8s bonne. Malgr\u00e9 tout, je commen\u00e7ais \u00e0 regretter d\u2019avoir enfil\u00e9 une robe sans manches.<\/p>\n\n\n\n<p class=\"has-text-align-left\">Au bout d\u2019un moment, j\u2019ai commenc\u00e9 \u00e0 sentir que les pierres r\u00e9agissaient \u00e0 la musique. Elles vibraient et des petits bouts du plafond commen\u00e7aient \u00e0 tomber juste \u00e0 c\u00f4t\u00e9 de moi. En plus, mon violon r\u00e9agissait \u00e0 l\u2019humidit\u00e9\u2026<\/p>\n\n\n\n<p class=\"has-text-align-left\">Malgr\u00e9 le grand succ\u00e8s de cette premi\u00e8re mondiale et la sollicitation du public, j\u2019ai alors demand\u00e9 \u00e0 Pietro de ne rejouer en bis que la <em>M\u00e9lancolie<\/em>. J\u2019avais en peu peur que d\u2019autres parties du plafond de la grotte ne s\u2019effondrent sur nous !&nbsp; Heureusement tout s\u2019est bien termin\u00e9. \u00bb <\/p>\n\n\n\n<div style=\"height:13px\" aria-hidden=\"true\" class=\"wp-block-spacer\"><\/div>\n\n\n\n<figure class=\"wp-block-gallery has-nested-images columns-default is-cropped wp-block-gallery-2 is-layout-flex wp-block-gallery-is-layout-flex\">\n<figure class=\"wp-block-image size-large\"><img loading=\"lazy\" decoding=\"async\" width=\"1024\" height=\"655\" data-id=\"522\" src=\"http:\/\/darina-maleeva.com\/wp-content\/uploads\/2022\/07\/Br03-A-1024x655.jpg\" alt=\"\" class=\"wp-image-522\" srcset=\"https:\/\/darina-maleeva.com\/wp-content\/uploads\/2022\/07\/Br03-A-1024x655.jpg 1024w, https:\/\/darina-maleeva.com\/wp-content\/uploads\/2022\/07\/Br03-A-300x192.jpg 300w, https:\/\/darina-maleeva.com\/wp-content\/uploads\/2022\/07\/Br03-A-768x491.jpg 768w, https:\/\/darina-maleeva.com\/wp-content\/uploads\/2022\/07\/Br03-A-1536x982.jpg 1536w, https:\/\/darina-maleeva.com\/wp-content\/uploads\/2022\/07\/Br03-A-2048x1309.jpg 2048w\" sizes=\"auto, (max-width: 1024px) 100vw, 1024px\" \/><figcaption class=\"wp-element-caption\">Derniers pr\u00e9paratifs avant la premi\u00e8re mondiale de l\u2019\u0153uvre int\u00e9grale pour violon et piano de C\u00e9sar Franck <\/figcaption><\/figure>\n\n\n\n<figure class=\"wp-block-image size-large\"><img loading=\"lazy\" decoding=\"async\" width=\"1024\" height=\"730\" data-id=\"526\" src=\"http:\/\/darina-maleeva.com\/wp-content\/uploads\/2022\/07\/Pietro-Brantome-2001-AB-1024x730.jpg\" alt=\"\" class=\"wp-image-526\" srcset=\"https:\/\/darina-maleeva.com\/wp-content\/uploads\/2022\/07\/Pietro-Brantome-2001-AB-1024x730.jpg 1024w, https:\/\/darina-maleeva.com\/wp-content\/uploads\/2022\/07\/Pietro-Brantome-2001-AB-300x214.jpg 300w, https:\/\/darina-maleeva.com\/wp-content\/uploads\/2022\/07\/Pietro-Brantome-2001-AB-768x548.jpg 768w, https:\/\/darina-maleeva.com\/wp-content\/uploads\/2022\/07\/Pietro-Brantome-2001-AB-1536x1096.jpg 1536w, https:\/\/darina-maleeva.com\/wp-content\/uploads\/2022\/07\/Pietro-Brantome-2001-AB-2048x1461.jpg 2048w\" sizes=\"auto, (max-width: 1024px) 100vw, 1024px\" \/><figcaption class=\"wp-element-caption\">Darina Maleeva et Pietro Galli <\/figcaption><\/figure>\n\n\n\n<figure class=\"wp-block-image size-large\"><img loading=\"lazy\" decoding=\"async\" width=\"1024\" height=\"681\" data-id=\"1465\" src=\"http:\/\/darina-maleeva.com\/wp-content\/uploads\/2023\/02\/Br02-1024x681.jpg\" alt=\"\" class=\"wp-image-1465\" srcset=\"https:\/\/darina-maleeva.com\/wp-content\/uploads\/2023\/02\/Br02-1024x681.jpg 1024w, https:\/\/darina-maleeva.com\/wp-content\/uploads\/2023\/02\/Br02-300x200.jpg 300w, https:\/\/darina-maleeva.com\/wp-content\/uploads\/2023\/02\/Br02-768x511.jpg 768w, https:\/\/darina-maleeva.com\/wp-content\/uploads\/2023\/02\/Br02-1536x1022.jpg 1536w, https:\/\/darina-maleeva.com\/wp-content\/uploads\/2023\/02\/Br02-2048x1362.jpg 2048w\" sizes=\"auto, (max-width: 1024px) 100vw, 1024px\" \/><figcaption class=\"wp-element-caption\">L&rsquo;entr\u00e9e de la Grotte du Jugement Dernier \u00e0 Brant\u00f4me<\/figcaption><\/figure>\n<\/figure>\n\n\n\n<div class=\"inherit-container-width wp-block-group alignfull has-ast-global-color-4-background-color has-background is-layout-constrained wp-block-group-is-layout-constrained\"><\/div>\n<\/div>\n<\/div>\n\n\n\n<div style=\"height:37px\" aria-hidden=\"true\" class=\"wp-block-spacer\"><\/div>\n\n\n\n<h3 class=\"wp-block-heading has-text-align-left\">C\u00e9sar FRANCK \u2013  Premi\u00e8re mondiale de <strong>l\u2019\u0153uvre int\u00e9grale<\/strong> pour violon et piano <br>Darina MALEEVA &amp; Pietro GALLI (2001)<\/h3>\n\n\n\n<center><iframe loading=\"lazy\" width=\"560\" height=\"315\" src=\"https:\/\/www.youtube.com\/embed\/ACZdwzW8yYw?si=xYjdihmLYefVqBDl\" title=\"YouTube video player\" frameborder=\"0\" allow=\"accelerometer; autoplay; clipboard-write; encrypted-media; gyroscope; picture-in-picture; web-share\" referrerpolicy=\"strict-origin-when-cross-origin\" allowfullscreen><\/iframe>\n\n\n\n<div style=\"height:37px\" aria-hidden=\"true\" class=\"wp-block-spacer\"><\/div>\n\n\n\n<h3 class=\"wp-block-heading has-text-align-left\">C\u00e9sar FRANCK \u2013\u00a0<em>M\u00e9lancolie<\/em>\u00a0: Premi\u00e8re audition radiophonique (France Musique, 2005)<\/h3>\n\n\n\n<center><iframe loading=\"lazy\" width=\"560\" height=\"315\" src=\"https:\/\/www.youtube.com\/embed\/pKesrfLyyKk?si=iPUdmuqF7DZNj9er\" title=\"YouTube video player\" frameborder=\"0\" allow=\"accelerometer; autoplay; clipboard-write; encrypted-media; gyroscope; picture-in-picture; web-share\" referrerpolicy=\"strict-origin-when-cross-origin\" allowfullscreen><\/iframe>\n\n\n\n<div style=\"height:37px\" aria-hidden=\"true\" class=\"wp-block-spacer\"><\/div>\n","protected":false},"excerpt":{"rendered":"<p>C\u00c9SAR FRANCK \u2013 INTEGRALE POUR VIOLON ET PIANO ALBUM CD &nbsp;Ind\u00e9SENS Calliope Records Voir les articles de presse ICI En consultant les archives du compositeur, Darina Maleeva d\u00e9couvre&nbsp;M\u00e9lancolie, pi\u00e8ce tardive de C\u00e9sar Franck qui n\u2019a&nbsp;jamais \u00e9t\u00e9 jou\u00e9e. Elle en fera la premi\u00e8re ex\u00e9cution en Europe, au Japon et aux Etats Unis et les \u00e9ditions Lemoine [&hellip;]<\/p>\n","protected":false},"author":1,"featured_media":0,"parent":0,"menu_order":0,"comment_status":"closed","ping_status":"closed","template":"","meta":{"om_disable_all_campaigns":false,"_monsterinsights_skip_tracking":false,"_monsterinsights_sitenote_active":false,"_monsterinsights_sitenote_note":"","_monsterinsights_sitenote_category":0,"site-sidebar-layout":"default","site-content-layout":"plain-container","ast-site-content-layout":"normal-width-container","site-content-style":"unboxed","site-sidebar-style":"unboxed","ast-global-header-display":"","ast-banner-title-visibility":"","ast-main-header-display":"","ast-hfb-above-header-display":"","ast-hfb-below-header-display":"","ast-hfb-mobile-header-display":"","site-post-title":"disabled","ast-breadcrumbs-content":"","ast-featured-img":"","footer-sml-layout":"","theme-transparent-header-meta":"enabled","adv-header-id-meta":"","stick-header-meta":"","header-above-stick-meta":"","header-main-stick-meta":"","header-below-stick-meta":"","astra-migrate-meta-layouts":"set","ast-page-background-enabled":"default","ast-page-background-meta":{"desktop":{"background-color":"","background-image":"","background-repeat":"repeat","background-position":"center center","background-size":"auto","background-attachment":"scroll","background-type":"","background-media":"","overlay-type":"","overlay-color":"","overlay-opacity":"","overlay-gradient":""},"tablet":{"background-color":"","background-image":"","background-repeat":"repeat","background-position":"center center","background-size":"auto","background-attachment":"scroll","background-type":"","background-media":"","overlay-type":"","overlay-color":"","overlay-opacity":"","overlay-gradient":""},"mobile":{"background-color":"","background-image":"","background-repeat":"repeat","background-position":"center center","background-size":"auto","background-attachment":"scroll","background-type":"","background-media":"","overlay-type":"","overlay-color":"","overlay-opacity":"","overlay-gradient":""}},"ast-content-background-meta":{"desktop":{"background-color":"var(--ast-global-color-5)","background-image":"","background-repeat":"repeat","background-position":"center center","background-size":"auto","background-attachment":"scroll","background-type":"","background-media":"","overlay-type":"","overlay-color":"","overlay-opacity":"","overlay-gradient":""},"tablet":{"background-color":"var(--ast-global-color-5)","background-image":"","background-repeat":"repeat","background-position":"center center","background-size":"auto","background-attachment":"scroll","background-type":"","background-media":"","overlay-type":"","overlay-color":"","overlay-opacity":"","overlay-gradient":""},"mobile":{"background-color":"var(--ast-global-color-5)","background-image":"","background-repeat":"repeat","background-position":"center center","background-size":"auto","background-attachment":"scroll","background-type":"","background-media":"","overlay-type":"","overlay-color":"","overlay-opacity":"","overlay-gradient":""}},"footnotes":""},"class_list":["post-294","page","type-page","status-publish","hentry"],"_links":{"self":[{"href":"https:\/\/darina-maleeva.com\/index.php\/wp-json\/wp\/v2\/pages\/294","targetHints":{"allow":["GET"]}}],"collection":[{"href":"https:\/\/darina-maleeva.com\/index.php\/wp-json\/wp\/v2\/pages"}],"about":[{"href":"https:\/\/darina-maleeva.com\/index.php\/wp-json\/wp\/v2\/types\/page"}],"author":[{"embeddable":true,"href":"https:\/\/darina-maleeva.com\/index.php\/wp-json\/wp\/v2\/users\/1"}],"replies":[{"embeddable":true,"href":"https:\/\/darina-maleeva.com\/index.php\/wp-json\/wp\/v2\/comments?post=294"}],"version-history":[{"count":103,"href":"https:\/\/darina-maleeva.com\/index.php\/wp-json\/wp\/v2\/pages\/294\/revisions"}],"predecessor-version":[{"id":2529,"href":"https:\/\/darina-maleeva.com\/index.php\/wp-json\/wp\/v2\/pages\/294\/revisions\/2529"}],"wp:attachment":[{"href":"https:\/\/darina-maleeva.com\/index.php\/wp-json\/wp\/v2\/media?parent=294"}],"curies":[{"name":"wp","href":"https:\/\/api.w.org\/{rel}","templated":true}]}}