{"id":882,"date":"2023-01-18T17:39:43","date_gmt":"2023-01-18T16:39:43","guid":{"rendered":"http:\/\/darina-maleeva.com\/?page_id=882"},"modified":"2026-01-30T12:52:14","modified_gmt":"2026-01-30T11:52:14","slug":"biographie","status":"publish","type":"page","link":"https:\/\/darina-maleeva.com\/index.php\/biographie\/","title":{"rendered":"BIOGRAPHIE"},"content":{"rendered":"\n<div class=\"wp-block-cover alignfull\" style=\"min-height:900px;aspect-ratio:unset;\"><img loading=\"lazy\" decoding=\"async\" width=\"1477\" height=\"985\" class=\"wp-block-cover__image-background wp-image-331\" alt=\"\" src=\"http:\/\/darina-maleeva.com\/wp-content\/uploads\/2022\/07\/darina_maleeva_002.jpg\" style=\"object-position:46% 79%\" data-object-fit=\"cover\" data-object-position=\"46% 79%\" srcset=\"https:\/\/darina-maleeva.com\/wp-content\/uploads\/2022\/07\/darina_maleeva_002.jpg 1477w, https:\/\/darina-maleeva.com\/wp-content\/uploads\/2022\/07\/darina_maleeva_002-300x200.jpg 300w, https:\/\/darina-maleeva.com\/wp-content\/uploads\/2022\/07\/darina_maleeva_002-1024x683.jpg 1024w, https:\/\/darina-maleeva.com\/wp-content\/uploads\/2022\/07\/darina_maleeva_002-768x512.jpg 768w\" sizes=\"auto, (max-width: 1477px) 100vw, 1477px\" \/><span aria-hidden=\"true\" class=\"wp-block-cover__background has-background-dim-40 has-background-dim\"><\/span><div class=\"wp-block-cover__inner-container is-layout-flow wp-block-cover-is-layout-flow\">\n<h2 class=\"wp-block-heading has-text-align-left has-ast-global-color-4-color has-text-color has-x-large-font-size\">BIOGRAPHIE<\/h2>\n<\/div><\/div>\n\n\n\n<p><br>Darina Maleeva m\u00e8ne une carri\u00e8re de concertiste internationale et se produit dans des lieux prestigieux : le Steinway Hall \u00e0 New York, la Salle Gaveau \u00e0 Paris, le Th\u00e9\u00e2tre de Yokohama au Japon, le Palau de la Musica Catalana \u00e0 Barcelone, la salle Bulgaria \u00e0 Sofia ou encore le Mus\u00e9e des Invalides\u2026<\/p>\n\n\n\n<p>Elle est invit\u00e9e dans des festivals comme <em>Le Festival Chopin <\/em>\u00e0 Paris, <em>Le Festival Classique <\/em>de Brant\u00f4me<em>,<\/em> <em>Le Festival Impromptu,<\/em> <em>Les sons d\u2019une nuit d\u2019\u00e9t\u00e9 <\/em>en<em> <\/em>Su\u00e8de, <em>Festival \u00d6sterreichische Musikwochen<\/em>, <em>Sofia Music Weeks<\/em>.<\/p>\n\n\n\n<p>Dipl\u00f4m\u00e9e de l&rsquo;Acad\u00e9mie Nationale de Musique de Sofia, du Conservatoire Sup\u00e9rieur de Paris et de l&rsquo;Ecole Normale de Musique de Paris, elle se perfectionne aupr\u00e8s de Devy Erlih, Roland Daugareil, Sergei Kravchenko.  De plus, elle se sp\u00e9cialise en musique baroque \u00e0 la&nbsp;Haute \u00e9cole<em> <\/em>des arts de Berne (Suisse).<\/p>\n\n\n\n<p>Titulaire d\u2019un <em>Master<\/em> \u00e0&nbsp;l\u2019Universit\u00e9 de Paris VIII, puis d&rsquo;un&nbsp;<em>Doctorat<\/em>  sur C\u00e9sar Franck, elle cr\u00e9e une pi\u00e8ce in\u00e9dite du compositeur, <em>M\u00e9lancolie<\/em>, \u00e9dit\u00e9e aux \u00e9ditions Henry Lemoine dans sa r\u00e9vision. Elle pr\u00e9sente &#8211; avec le pianiste Pietro Galli &#8211; la Premi\u00e8re Mondiale de l&rsquo;\u0153uvre int\u00e9grale pour violon et piano de Franck, au festival <em>Piano roi <\/em>de Brant\u00f4me, en 2001.<br><br>Laur\u00e9ate du <em>Prix Charles Oulmont<\/em> de la Fondation de France et du Grand Prix du Concours international de musique espagnole, l\u2019Ambassadeur de France en Bulgarie lui d\u00e9cerne la <em>M\u00e9daille des Affaires Etrang\u00e8res<\/em> en 2004. <\/p>\n\n\n\n<p>Tr\u00e8s sensible aux enjeux \u00e9cologiques, elle est la fondatrice de l&rsquo;association <a rel=\"noreferrer noopener\" href=\"http:\/\/musique-terre.com\" target=\"_blank\">\u00ab\u00a0Les Amis de la Musique et de la Terre\u00a0\u00bb<\/a>, qui re\u00e7oit la<em> M\u00e9daille de la ville d&rsquo;Orsay<\/em>, en 2017.<\/p>\n\n\n\n<p>Darina Maleeva enregistre plusieurs CD et est invit\u00e9e \u00e0 diverses \u00e9missions t\u00e9l\u00e9vis\u00e9es et radiophoniques dont <a href=\"https:\/\/youtu.be\/pKesrfLyyKk\"><em>De si, de la<\/em> sur France Musique<\/a>.<\/p>\n\n\n\n<p>Elle cr\u00e9e plusieurs \u0153uvres contemporaines, comme le<em> Concerto pour violon et orchestre<\/em> de David Lampel ou les<em> Variations sur un th\u00e8me bulgare  <\/em>pour harpe et violon de Jean-Bernard Bauchamps <em>(ed. Henry Lemoine)<\/em>.<\/p>\n\n\n\n<p>Darina Maleeva se produit r\u00e9guli\u00e8rement en duo avec le pianiste Xavier Lecomte de la Bretonnerie. La particularit\u00e9 du duo est de pr\u00e9senter des programmes singuliers, avec des \u0153uvres rares et in\u00e9dites de grands compositeurs. En t\u00e9moigne leur nouveau CD avec l&rsquo;\u0153uvre int\u00e9grale pour violon et piano de C\u00e9sar Franck. <\/p>\n\n\n\n<p>Passionn\u00e9e par l&rsquo;enseignement, elle est invit\u00e9e pour des masterclass en France, Bulgarie ou Japon et comme membre du jury de plusieurs concours. <\/p>\n\n\n\n<p>Darina Maleeva joue un violon Giuseppe Testore de 1741.<\/p>\n\n\n\n<div class=\"wp-block-buttons is-content-justification-center is-layout-flex wp-container-core-buttons-is-layout-a89b3969 wp-block-buttons-is-layout-flex\">\n<div class=\"wp-block-button\"><a class=\"wp-block-button__link wp-element-button\" href=\"http:\/\/darina-maleeva.com\/index.php\/about\/\" target=\"_blank\" rel=\"noreferrer noopener\">biographie integrale<\/a><\/div>\n<\/div>\n\n\n\n<div style=\"height:46px\" aria-hidden=\"true\" class=\"wp-block-spacer\"><\/div>\n\n\n\n<figure class=\"wp-block-gallery has-nested-images columns-default is-cropped wp-block-gallery-1 is-layout-flex wp-block-gallery-is-layout-flex\">\n<figure class=\"wp-block-image size-large\"><img loading=\"lazy\" decoding=\"async\" width=\"1024\" height=\"683\" data-id=\"996\" src=\"http:\/\/darina-maleeva.com\/wp-content\/uploads\/2023\/01\/image.png\" alt=\"\" class=\"wp-image-996\" srcset=\"https:\/\/darina-maleeva.com\/wp-content\/uploads\/2023\/01\/image.png 1024w, https:\/\/darina-maleeva.com\/wp-content\/uploads\/2023\/01\/image-300x200.png 300w, https:\/\/darina-maleeva.com\/wp-content\/uploads\/2023\/01\/image-768x512.png 768w\" sizes=\"auto, (max-width: 1024px) 100vw, 1024px\" \/><figcaption class=\"wp-element-caption\"><em>Salle Bulgaria<\/em>, Sofia<\/figcaption><\/figure>\n\n\n\n<figure class=\"wp-block-image size-large\"><img loading=\"lazy\" decoding=\"async\" width=\"1024\" height=\"857\" data-id=\"710\" src=\"http:\/\/darina-maleeva.com\/wp-content\/uploads\/2022\/09\/Gaveau05-A-1024x857.jpg\" alt=\"\" class=\"wp-image-710\" srcset=\"https:\/\/darina-maleeva.com\/wp-content\/uploads\/2022\/09\/Gaveau05-A-1024x857.jpg 1024w, https:\/\/darina-maleeva.com\/wp-content\/uploads\/2022\/09\/Gaveau05-A-300x251.jpg 300w, https:\/\/darina-maleeva.com\/wp-content\/uploads\/2022\/09\/Gaveau05-A-768x642.jpg 768w, https:\/\/darina-maleeva.com\/wp-content\/uploads\/2022\/09\/Gaveau05-A-1536x1285.jpg 1536w, https:\/\/darina-maleeva.com\/wp-content\/uploads\/2022\/09\/Gaveau05-A-2048x1713.jpg 2048w\" sizes=\"auto, (max-width: 1024px) 100vw, 1024px\" \/><figcaption class=\"wp-element-caption\"><em>Salle Gaveau<\/em>, Paris<\/figcaption><\/figure>\n\n\n\n<figure class=\"wp-block-image size-large\"><img loading=\"lazy\" decoding=\"async\" width=\"1024\" height=\"661\" data-id=\"997\" src=\"http:\/\/darina-maleeva.com\/wp-content\/uploads\/2023\/01\/Darina-Master-classe-3-1024x661.jpg\" alt=\"\" class=\"wp-image-997\" srcset=\"https:\/\/darina-maleeva.com\/wp-content\/uploads\/2023\/01\/Darina-Master-classe-3-1024x661.jpg 1024w, https:\/\/darina-maleeva.com\/wp-content\/uploads\/2023\/01\/Darina-Master-classe-3-300x194.jpg 300w, https:\/\/darina-maleeva.com\/wp-content\/uploads\/2023\/01\/Darina-Master-classe-3-768x496.jpg 768w, https:\/\/darina-maleeva.com\/wp-content\/uploads\/2023\/01\/Darina-Master-classe-3-1536x991.jpg 1536w, https:\/\/darina-maleeva.com\/wp-content\/uploads\/2023\/01\/Darina-Master-classe-3.jpg 1664w\" sizes=\"auto, (max-width: 1024px) 100vw, 1024px\" \/><figcaption class=\"wp-element-caption\">Master class \u00e0 Yokohama, Japon<\/figcaption><\/figure>\n<\/figure>\n\n\n\n<figure class=\"wp-block-gallery has-nested-images columns-default is-cropped wp-block-gallery-2 is-layout-flex wp-block-gallery-is-layout-flex\"><\/figure>\n\n\n\n<p><\/p>\n","protected":false},"excerpt":{"rendered":"<p>Darina Maleeva m\u00e8ne une carri\u00e8re de concertiste internationale et se produit dans des lieux prestigieux : le Steinway Hall \u00e0 New York, la Salle Gaveau \u00e0 Paris, le Th\u00e9\u00e2tre de Yokohama au Japon, le Palau de la Musica Catalana \u00e0 Barcelone, la salle Bulgaria \u00e0 Sofia ou encore le Mus\u00e9e des Invalides\u2026 Elle est invit\u00e9e [&hellip;]<\/p>\n","protected":false},"author":1,"featured_media":0,"parent":0,"menu_order":0,"comment_status":"closed","ping_status":"closed","template":"","meta":{"om_disable_all_campaigns":false,"_monsterinsights_skip_tracking":false,"_monsterinsights_sitenote_active":false,"_monsterinsights_sitenote_note":"","_monsterinsights_sitenote_category":0,"site-sidebar-layout":"no-sidebar","site-content-layout":"plain-container","ast-site-content-layout":"normal-width-container","site-content-style":"unboxed","site-sidebar-style":"unboxed","ast-global-header-display":"","ast-banner-title-visibility":"","ast-main-header-display":"","ast-hfb-above-header-display":"","ast-hfb-below-header-display":"","ast-hfb-mobile-header-display":"","site-post-title":"disabled","ast-breadcrumbs-content":"","ast-featured-img":"","footer-sml-layout":"","theme-transparent-header-meta":"enabled","adv-header-id-meta":"","stick-header-meta":"","header-above-stick-meta":"","header-main-stick-meta":"","header-below-stick-meta":"","astra-migrate-meta-layouts":"set","ast-page-background-enabled":"default","ast-page-background-meta":{"desktop":{"background-color":"","background-image":"","background-repeat":"repeat","background-position":"center center","background-size":"auto","background-attachment":"scroll","background-type":"","background-media":"","overlay-type":"","overlay-color":"","overlay-opacity":"","overlay-gradient":""},"tablet":{"background-color":"","background-image":"","background-repeat":"repeat","background-position":"center center","background-size":"auto","background-attachment":"scroll","background-type":"","background-media":"","overlay-type":"","overlay-color":"","overlay-opacity":"","overlay-gradient":""},"mobile":{"background-color":"","background-image":"","background-repeat":"repeat","background-position":"center center","background-size":"auto","background-attachment":"scroll","background-type":"","background-media":"","overlay-type":"","overlay-color":"","overlay-opacity":"","overlay-gradient":""}},"ast-content-background-meta":{"desktop":{"background-color":"var(--ast-global-color-5)","background-image":"","background-repeat":"repeat","background-position":"center center","background-size":"auto","background-attachment":"scroll","background-type":"","background-media":"","overlay-type":"","overlay-color":"","overlay-opacity":"","overlay-gradient":""},"tablet":{"background-color":"var(--ast-global-color-5)","background-image":"","background-repeat":"repeat","background-position":"center center","background-size":"auto","background-attachment":"scroll","background-type":"","background-media":"","overlay-type":"","overlay-color":"","overlay-opacity":"","overlay-gradient":""},"mobile":{"background-color":"var(--ast-global-color-5)","background-image":"","background-repeat":"repeat","background-position":"center center","background-size":"auto","background-attachment":"scroll","background-type":"","background-media":"","overlay-type":"","overlay-color":"","overlay-opacity":"","overlay-gradient":""}},"footnotes":""},"class_list":["post-882","page","type-page","status-publish","hentry"],"_links":{"self":[{"href":"https:\/\/darina-maleeva.com\/index.php\/wp-json\/wp\/v2\/pages\/882","targetHints":{"allow":["GET"]}}],"collection":[{"href":"https:\/\/darina-maleeva.com\/index.php\/wp-json\/wp\/v2\/pages"}],"about":[{"href":"https:\/\/darina-maleeva.com\/index.php\/wp-json\/wp\/v2\/types\/page"}],"author":[{"embeddable":true,"href":"https:\/\/darina-maleeva.com\/index.php\/wp-json\/wp\/v2\/users\/1"}],"replies":[{"embeddable":true,"href":"https:\/\/darina-maleeva.com\/index.php\/wp-json\/wp\/v2\/comments?post=882"}],"version-history":[{"count":83,"href":"https:\/\/darina-maleeva.com\/index.php\/wp-json\/wp\/v2\/pages\/882\/revisions"}],"predecessor-version":[{"id":2508,"href":"https:\/\/darina-maleeva.com\/index.php\/wp-json\/wp\/v2\/pages\/882\/revisions\/2508"}],"wp:attachment":[{"href":"https:\/\/darina-maleeva.com\/index.php\/wp-json\/wp\/v2\/media?parent=882"}],"curies":[{"name":"wp","href":"https:\/\/api.w.org\/{rel}","templated":true}]}}